{"id":2894,"date":"2023-06-07T19:55:31","date_gmt":"2023-06-07T17:55:31","guid":{"rendered":"https:\/\/franchise.adopt.com\/condiciones-de-uso\/"},"modified":"2024-06-25T16:20:03","modified_gmt":"2024-06-25T14:20:03","slug":"condiciones-de-uso","status":"publish","type":"page","link":"https:\/\/franchise.adopt.com\/es\/condiciones-de-uso\/","title":{"rendered":"Condiciones de uso"},"content":{"rendered":"\t\t<div data-elementor-type=\"wp-page\" data-elementor-id=\"2894\" class=\"elementor elementor-2894 elementor-915\" data-elementor-post-type=\"page\">\n\t\t\t\t<div class=\"elementor-element elementor-element-89ea009 e-flex e-con-boxed e-con e-parent\" data-id=\"89ea009\" data-element_type=\"container\" data-settings=\"{&quot;jet_parallax_layout_list&quot;:[]}\">\n\t\t\t\t\t<div class=\"e-con-inner\">\n\t\t\t\t<div class=\"elementor-element elementor-element-fa7b88c elementor-widget elementor-widget-text-editor\" data-id=\"fa7b88c\" data-element_type=\"widget\" data-widget_type=\"text-editor.default\">\n\t\t\t\t<div class=\"elementor-widget-container\">\n\t\t\t\t\t\t\t\t\t<h2>CONDICIONES GENERALES DE USO<\/h2>\n<h6><strong>La navegaci\u00f3n continuada en este sitio implica la aceptaci\u00f3n sin reservas de las disposiciones<\/strong><br><strong>y condiciones de uso que siguen.<\/strong><\/h6>\n<p><\/p>\n<h3>Informaci\u00f3n legal :&nbsp;<\/h3>\n<p>&nbsp;&nbsp;El sitio web franchise.adopt.com (\u00abel sitio web\u00bb) es producido y publicado por Adopt Parfums SAS,<br>una sociedad por acciones simplificada con un capital de 26583649 euros, inscrita en el Registre<br>du Commerce et des Soci\u00e9t\u00e9s de Burdeos con el n\u00famero B 351 837 406.<br>El domicilio social se encuentra en 19 Impasse Lou Haou &#8211; Z.I Auguste V &#8211; 33610 CESTAS.<br>Correo electr\u00f3nico :&nbsp;<a href=\"mailto:serviceclient@adopt.com\"><a href=\"mailto:serviceclient@adopt.com\">serviceclient@adopt.com<\/a><\/a><br>&nbsp;Director de la publicaci\u00f3n: Fr\u00e9d\u00e9ric Stoeckel<br>&nbsp;N\u00famero de IVA individual: FR 37351837406<br>&nbsp;SIRET : 351 837 406 00 856<\/p>\n<p><\/p>\n<h3>Sitio creado por <a href=\"https:\/\/www.journey.agency\/\">Journey<\/a><\/h3>\n<p>23-25 Rue Jean-Jacques Rousseau 75001 Par\u00eds<br>Contacto: Benoit CHOPIN<\/p>\n<h3>Sitio alojado por DIS<\/h3>\n<p>Grupo DIS &#8211; 14 Rue Ambroise Croizat Par\u00eds 93200 &#8211; Saint-Denis Tel: (+33) 3 20 09 11 68<\/p>\n<p><\/p>\n<h3>Acceso al sitio<\/h3>\n<p>El Sitio proporciona acceso a :<\/p>\n<ul>\n<li>La informaci\u00f3n que necesitas para convertirte en licenciatario de Adopt Parfums<\/li>\n<li>Un formulario de contacto<br>El acceso al Sitio est\u00e1 reservado a las personas mayores de edad. La Empresa se reserva el derecho de<br>pide una prueba de edad.<\/li>\n<\/ul>\n<p>El acceso y uso del Sitio son estrictamente para uso personal.<br>El Usuario se compromete a no utilizar este Sitio ni la informaci\u00f3n o datos contenidos en el mismo<br>con fines comerciales, pol\u00edticos o publicitarios, o para cualquier otra forma de publicidad.<br>solicitud comercial.<\/p>\n<p><\/p>\n<h3>Propiedad intelectual<\/h3>\n<p>De acuerdo con las leyes que rigen los derechos de propiedad intelectual, este Sitio y su contenido est\u00e1n protegidos por derechos de autor.<br>todos los elementos que la componen (marcas, dise\u00f1os, modelos, logotipos, fotograf\u00edas, etc.),<br>etc&#8230;) as\u00ed como su compilaci\u00f3n son propiedad exclusiva de Adopt Parfums SAS.<br>Este \u00faltimo no concede ninguna licencia ni ning\u00fan otro derecho que el de consultar el Sitio.<br>La utilizaci\u00f3n total o parcial de estos elementos est\u00e1 autorizada \u00fanicamente para los siguientes fines<br>informaci\u00f3n para uso personal y privado. Cualquier uso de copias<br>realizadas con otros fines, as\u00ed como cualquier reproducci\u00f3n, representaci\u00f3n o adaptaci\u00f3n,<br>queda terminantemente prohibida la traducci\u00f3n o comercializaci\u00f3n total o parcial de estos elementos.<br>prohibido.<br>El incumplimiento de esta prohibici\u00f3n constituye una infracci\u00f3n y expone al infractor o infractores al riesgo de ser procesados.<br>procedimientos civiles y\/o penales.<\/p>\n<p><\/p>\n<h3>Responsabilidad e indemnizaci\u00f3n<\/h3>\n<p>Hacemos todo lo posible para garantizar que la informaci\u00f3n sea exacta y est\u00e9 actualizada.<br>la informaci\u00f3n publicada en el Sitio, que nos reservamos el derecho de corregir en cualquier momento.<br>en cualquier momento y sin previo aviso. Sin embargo, no podemos garantizar<br>la exactitud, precisi\u00f3n o exhaustividad de la informaci\u00f3n disponible en el sitio web.<\/p>\n<p>P\u00e1gina web. En consecuencia, Adopt Parfums SAS no se hace responsable de<br>para :<\/p>\n<ul>\n<li>cualquier inexactitud, error u omisi\u00f3n relativa a la informaci\u00f3n disponible<br>en el Sitio;<\/li>\n<li>cualquier da\u00f1o resultante de una intrusi\u00f3n fraudulenta por parte de un tercero que provoque<br>un cambio en la informaci\u00f3n disponible en el Sitio;<\/li>\n<li>y, de forma m\u00e1s general, por cualquier da\u00f1o, directo o indirecto, cualquiera que sea su causa.<br>las causas, or\u00edgenes, naturaleza o consecuencias, debido a la imposibilidad de<br>acceso, mal funcionamiento o interrupci\u00f3n del Sitio.<\/li>\n<\/ul>\n<p>Adem\u00e1s, los enlaces de hipertexto pueden llevar a otros sitios web, Adopta<br>Parfums SAS no acepta ninguna responsabilidad por el contenido de estos sitios ni por el contenido de otros sitios.<br>informaci\u00f3n, elementos, productos o servicios accesibles en particular en el<br>si el contenido de estos sitios contraviene las disposiciones legales o reglamentarias.<br>en vigor.<\/p>\n<p>Adem\u00e1s, se especifica que el Usuario no est\u00e1 autorizado a utilizar o insertar enlaces<br>enlaces de hipertexto al Sitio.<\/p>\n<p><\/p>\n<h3>Modificaciones del Sitio y de la GCU<\/h3>\n<p>Adopt Parfums SAS se reserva el derecho a realizar mejoras o cambios en el contenido de este sitio web en cualquier momento.<br>informaci\u00f3n y otros elementos puestos a disposici\u00f3n del Usuario en el Sitio.<br>Adem\u00e1s, Adopt Parfums SAS puede modificar estas CGU en cualquier momento. En<br>las condiciones generales de uso aplicables son las vigentes en la fecha de<br>uso del Sitio por parte del Usuario.<br>Al continuar consultando el Sitio y al utilizarlo, se considerar\u00e1 que el Usuario acepta estos t\u00e9rminos y condiciones.<br>Condiciones generales modificadas.<\/p>\n<p><\/p>\n<h3>Legislaci\u00f3n aplicable<\/h3>\n<p>El uso del Sitio y las presentes CGU se rigen por la legislaci\u00f3n francesa.<\/p>\n<h3>Contacta con nosotros<\/h3>\n<p>Si tienes alguna pregunta, puedes enviar un correo electr\u00f3nico a la siguiente direcci\u00f3n<br>: <a href=\"mailto:serviceclient@adopt.com\">serviceclient@adopt.com<\/a><\/p>\t\t\t\t\t\t\t\t<\/div>\n\t\t\t\t<\/div>\n\t\t\t\t\t<\/div>\n\t\t\t\t<\/div>\n\t\t\t\t<\/div>\n\t\t","protected":false},"excerpt":{"rendered":"<p>CONDICIONES GENERALES DE USO La navegaci\u00f3n continuada en este sitio implica la aceptaci\u00f3n sin reservas de las disposicionesy condiciones de uso que siguen. Informaci\u00f3n legal :&nbsp; &nbsp;&nbsp;El sitio web franchise.adopt.com (\u00abel sitio web\u00bb) es producido y publicado por Adopt Parfums SAS,una sociedad por acciones simplificada con un capital de 26583649 euros, inscrita en el Registredu [&hellip;]<\/p>\n","protected":false},"author":1,"featured_media":0,"parent":0,"menu_order":0,"comment_status":"closed","ping_status":"closed","template":"","meta":{"_jet_sm_ready_style":"","_jet_sm_style":"","_jet_sm_controls_values":"","_jet_sm_fonts_collection":"","_jet_sm_fonts_links":"","footnotes":""},"class_list":["post-2894","page","type-page","status-publish","hentry"],"_links":{"self":[{"href":"https:\/\/franchise.adopt.com\/es\/wp-json\/wp\/v2\/pages\/2894","targetHints":{"allow":["GET"]}}],"collection":[{"href":"https:\/\/franchise.adopt.com\/es\/wp-json\/wp\/v2\/pages"}],"about":[{"href":"https:\/\/franchise.adopt.com\/es\/wp-json\/wp\/v2\/types\/page"}],"author":[{"embeddable":true,"href":"https:\/\/franchise.adopt.com\/es\/wp-json\/wp\/v2\/users\/1"}],"replies":[{"embeddable":true,"href":"https:\/\/franchise.adopt.com\/es\/wp-json\/wp\/v2\/comments?post=2894"}],"version-history":[{"count":3,"href":"https:\/\/franchise.adopt.com\/es\/wp-json\/wp\/v2\/pages\/2894\/revisions"}],"predecessor-version":[{"id":2897,"href":"https:\/\/franchise.adopt.com\/es\/wp-json\/wp\/v2\/pages\/2894\/revisions\/2897"}],"wp:attachment":[{"href":"https:\/\/franchise.adopt.com\/es\/wp-json\/wp\/v2\/media?parent=2894"}],"curies":[{"name":"wp","href":"https:\/\/api.w.org\/{rel}","templated":true}]}}