{"id":2906,"date":"2023-06-07T20:08:26","date_gmt":"2023-06-07T18:08:26","guid":{"rendered":"https:\/\/franchise.adopt.com\/privacidad-y-cookies\/"},"modified":"2024-06-25T16:22:08","modified_gmt":"2024-06-25T14:22:08","slug":"privacidad-y-cookies","status":"publish","type":"page","link":"https:\/\/franchise.adopt.com\/es\/privacidad-y-cookies\/","title":{"rendered":"Privacidad y cookies"},"content":{"rendered":"\t\t<div data-elementor-type=\"wp-page\" data-elementor-id=\"2906\" class=\"elementor elementor-2906 elementor-930\" data-elementor-post-type=\"page\">\n\t\t\t\t<div class=\"elementor-element elementor-element-cc9da66 e-flex e-con-boxed e-con e-parent\" data-id=\"cc9da66\" data-element_type=\"container\" data-settings=\"{&quot;jet_parallax_layout_list&quot;:[]}\">\n\t\t\t\t\t<div class=\"e-con-inner\">\n\t\t\t\t<div class=\"elementor-element elementor-element-f28771b elementor-widget elementor-widget-text-editor\" data-id=\"f28771b\" data-element_type=\"widget\" data-widget_type=\"text-editor.default\">\n\t\t\t\t<div class=\"elementor-widget-container\">\n\t\t\t\t\t\t\t\t\t<h2>PRIVACIDAD Y COOKIES<\/h2>\n<h6><strong>Bienvenido a nuestro sitio web franchise.adopt.com (en adelante, el \u00abSitio\u00bb) publicado por Adopt Parfums SAS. Esta secci\u00f3n est\u00e1 dedicada a nuestra pol\u00edtica de protecci\u00f3n de la privacidad.<\/strong><\/h6>\n<p><b>\u00bfQU\u00c9 DATOS PERSONALES RECOGEMOS?<\/b><\/p>\n<p><span style=\"font-weight: 400;\">Cuando rellenas el formulario de contacto, recogemos y procesamos tus apellidos, nombre, n\u00famero de tel\u00e9fono, direcci\u00f3n de correo electr\u00f3nico e informaci\u00f3n sobre tus proyectos de inversi\u00f3n.<\/span><\/p>\n<p><b>\u00bfCU\u00c1NDO RECOGEMOS TUS DATOS PERSONALES?<\/b><\/p>\n<p><span style=\"font-weight: 400;\">Recogemos informaci\u00f3n que nos proporcionas voluntariamente, en particular cuando :<\/span><\/p>\n<p><span style=\"font-weight: 400;\">&#8211; Solicitas informaci\u00f3n sobre nuestro sitio web<\/span><span style=\"font-weight: 400;\"><br \/>\n  <br \/>\n<\/span><span style=\"font-weight: 400;\">&#8211; Deseas que un comercial se ponga en contacto contigo<\/span><\/p>\n<p><span style=\"font-weight: 400;\">Cuando rellenas campos, se requiere cierta informaci\u00f3n para cumplir nuestras obligaciones contigo, es decir, para prestarte un servicio. Si no recibimos esta informaci\u00f3n obligatoria, no podremos proporcionarte lo que esperas.<\/span><\/p>\n<p><span style=\"font-weight: 400;\">Determinada informaci\u00f3n, en particular informaci\u00f3n t\u00e9cnica (como la direcci\u00f3n IP de tu ordenador) o informaci\u00f3n relativa a tu uso del sitio y sus funcionalidades, se recopila autom\u00e1ticamente como resultado de tus acciones en nuestro sitio mediante cookies. La navegaci\u00f3n por el Sitio puede provocar la instalaci\u00f3n de cookies en el ordenador del usuario. Una cookie es un peque\u00f1o archivo que no permite identificar al usuario, pero que registra informaci\u00f3n relativa a la navegaci\u00f3n de un ordenador en un sitio. Los datos obtenidos de este modo est\u00e1n destinados a facilitar la navegaci\u00f3n posterior por el sitio y tambi\u00e9n se utilizan para medir el n\u00famero de visitantes.<\/span><\/p>\n<p><span style=\"font-weight: 400;\">Si te niegas a instalar una cookie, es posible que no puedas acceder a determinados servicios. Sin embargo, los usuarios pueden configurar su ordenador de la siguiente manera para rechazar la instalaci\u00f3n de cookies.<\/span><\/p>\n<p><span style=\"font-weight: 400;\">El Sitio puede adaptar parte de este contenido en funci\u00f3n de la ubicaci\u00f3n geogr\u00e1fica supuesta del visitante. La informaci\u00f3n de geolocalizaci\u00f3n es proporcionada por terceros en funci\u00f3n de la ubicaci\u00f3n desde la que el usuario se conecta al sitio. En ning\u00fan caso se almacena ni se utiliza.<\/span><\/p>\n<p><b>\u00bfC\u00d3MO UTILIZAREMOS TUS DATOS PERSONALES?<\/b><\/p>\n<p><span style=\"font-weight: 400;\">Utilizaremos tus datos personales para uno o varios de los siguientes fines:<\/span><\/p>\n<p><span style=\"font-weight: 400;\">&#8211; Para mejorar tu experiencia de usuario en nuestro Sitio y beneficiarte de las funciones y servicios del Sitio<\/span><span style=\"font-weight: 400;\"><br \/>\n  <br \/>\n<\/span><span style=\"font-weight: 400;\">caracter\u00edsticas y servicios del Sitio;<\/span><span style=\"font-weight: 400;\"><br \/>\n  <br \/>\n<\/span><span style=\"font-weight: 400;\">&#8211; Para compilar estad\u00edsticas comerciales;<\/span><span style=\"font-weight: 400;\"><br \/>\n  <br \/>\n<\/span><span style=\"font-weight: 400;\">&#8211; Para analizar y compilar estad\u00edsticas relativas a la consulta y utilizaci\u00f3n del Sitio.<\/span><\/p>\n<p><span style=\"font-weight: 400;\">&#8211; Para intercambiar nuestros archivos de clientes y prospectos con nuestros socios;<\/span><span style=\"font-weight: 400;\"><br \/>\n  <br \/>\n<\/span><span style=\"font-weight: 400;\">&#8211; Para enviar informaci\u00f3n personalizada sobre nuestras ofertas y servicios;<\/span><span style=\"font-weight: 400;\"><br \/>\n  <br \/>\n<\/span><span style=\"font-weight: 400;\">&#8211; Para gestionar solicitudes de derechos de acceso, rectificaci\u00f3n y oposici\u00f3n;<\/span><span style=\"font-weight: 400;\"><br \/>\n  <br \/>\n<\/span><span style=\"font-weight: 400;\">&#8211; Para cumplir con nuestras obligaciones legales y reglamentarias.<\/span><\/p>\n<p><b>\u00bfQUI\u00c9N RECIBIR\u00c1 TUS DATOS PERSONALES?<\/b><\/p>\n<p><span style=\"font-weight: 400;\">La empresa en cuesti\u00f3n es Adopt Parfums SAS, propietaria del sitio web. Tambi\u00e9n incluye a los proveedores de servicios con los que Adopt Parfums SAS trabaja para la gesti\u00f3n del servicio de atenci\u00f3n al cliente, suscripciones y para los fines anteriormente mencionados, y s\u00f3lo en la medida necesaria para llevar a cabo las tareas que se les han encomendado.<\/span><\/p>\n<p><span style=\"font-weight: 400;\">Pedimos a los proveedores de servicios que act\u00faen siempre de conformidad con la legislaci\u00f3n aplicable en materia de protecci\u00f3n de datos personales y que presten especial atenci\u00f3n a la confidencialidad y seguridad de dichos datos.<\/span><\/p>\n<p><span style=\"font-weight: 400;\">Tus datos personales podr\u00e1n ser comunicados en aplicaci\u00f3n de una ley, de un reglamento, de una decisi\u00f3n de una autoridad reglamentaria o judicial y, por \u00faltimo, si es necesario para Adopt Parfums SAS, para preservar sus derechos e intereses.<\/span><\/p>\n<p><b>\u00bfD\u00d3NDE SE ALMACENAN TUS DATOS PERSONALES?<\/b><\/p>\n<p><span style=\"font-weight: 400;\">Tus datos personales se almacenan en bases de datos propiedad de Adopt Parfums SAS.<\/span><\/p>\n<p><b>\u00bfSE TRANSFERIR\u00c1N TUS DATOS PERSONALES FUERA DE LA UNI\u00d3N EUROPEA?<\/b><\/p>\n<p><span style=\"font-weight: 400;\">No. Tus datos personales no se transferir\u00e1n fuera de la Uni\u00f3n Europea.<\/span><\/p>\n<p><b>\u00bfCU\u00c1LES SON TUS DERECHOS EN RELACI\u00d3N CON TUS DATOS PERSONALES?<\/b><\/p>\n<p><span style=\"font-weight: 400;\">Tienes derecho a acceder, rectificar y suprimir tus datos personales, as\u00ed como derecho a limitar el tratamiento y a la portabilidad de tus datos. Tambi\u00e9n tienes derecho a oponerte por motivos leg\u00edtimos al tratamiento de tus datos personales y al tratamiento de tus datos con fines de prospecci\u00f3n.<\/span><\/p>\n<p><span style=\"font-weight: 400;\">Por \u00faltimo, tienes derecho a presentar una reclamaci\u00f3n ante la CNIL.<\/span><span style=\"font-weight: 400;\"><br \/><\/span><span style=\"font-weight: 400;\">Puedes ejercer estos derechos en cualquier momento poni\u00e9ndote en contacto con nuestro servicio de atenci\u00f3n al cliente por correo electr\u00f3nico: serviceclient@adopt.com, indicando tu referencia de cliente.<\/span><\/p>\n<p><span style=\"font-weight: 400;\">Se te enviar\u00e1 una respuesta en el plazo de uno a tres meses a partir de la recepci\u00f3n de la solicitud.<\/span><\/p>\n<p><b>\u00bfCU\u00c1NTO TIEMPO SE CONSERVAR\u00c1N TUS DATOS PERSONALES?<\/b><\/p>\n<p><span style=\"font-weight: 400;\">Tus datos personales no se conservan m\u00e1s tiempo del necesario para los fines para los que se recogieron. Por lo tanto, tus datos se conservar\u00e1n mientras dure nuestra relaci\u00f3n contractual y se archivar\u00e1n durante un per\u00edodo de cuatro (4) a\u00f1os tras la finalizaci\u00f3n de dicha relaci\u00f3n contractual, cuando sea de inter\u00e9s administrativo, en particular para establecer la prueba de un derecho o contrato.<\/span><\/p>\n<p><b>POL\u00cdTICA DE COOKIES<\/b><\/p>\n<p><span style=\"font-weight: 400;\">En esta secci\u00f3n, puedes obtener m\u00e1s informaci\u00f3n sobre el origen y el uso de la informaci\u00f3n de navegaci\u00f3n procesada cuando visitas nuestro Sitio y sobre tus derechos.<\/span><span style=\"font-weight: 400;\"><br \/><\/span><span style=\"font-weight: 400;\">Cuando visitas nuestro Sitio, la informaci\u00f3n relativa a la navegaci\u00f3n de tu terminal (ordenador, tableta, smartphone, etc.) en nuestro Sitio puede quedar registrada en archivos \u00abcookie\u00bb instalados en tu terminal, en funci\u00f3n de tus elecciones, que puedes modificar en cualquier momento. Las cookies son archivos inform\u00e1ticos almacenados en el disco duro de tu ordenador, que nos permiten reconocer el navegador de tu terminal.<\/span><span style=\"font-weight: 400;\"><br \/><\/span><span style=\"font-weight: 400;\">Las cookies que emitimos en nuestro Sitio se utilizan \u00fanicamente para elaborar estad\u00edsticas y vol\u00famenes de visitas y de utilizaci\u00f3n de los distintos elementos que componen nuestro sitio web, lo que nos permite mejorar el inter\u00e9s y la ergonom\u00eda de nuestros servicios. Por lo tanto, nuestro Sitio s\u00f3lo utiliza cookies para mejorar el servicio que te prestamos.<\/span><span style=\"font-weight: 400;\"><br \/><\/span><span style=\"font-weight: 400;\">Puedes rechazar las cookies configurando tu navegador web.<\/span><\/p>\n<p><span style=\"font-weight: 400;\">TUS OPCIONES RELATIVAS A LAS COOKIES<\/span><\/p>\n<p><span style=\"font-weight: 400;\">Tienes varias opciones para gestionar las cookies. Los ajustes que realices pueden afectar a tu navegaci\u00f3n por Internet y a tus condiciones de acceso a determinados servicios que requieren el uso de cookies.<\/span><span style=\"font-weight: 400;\"><br \/><\/span><span style=\"font-weight: 400;\">Puedes elegir en cualquier momento expresar y modificar tus deseos con respecto a las cookies, por los medios que se describen a continuaci\u00f3n.<\/span><\/p>\n<p><span style=\"font-weight: 400;\">Las opciones que te ofrece el software de tu navegador<\/span><\/p>\n<p><span style=\"font-weight: 400;\">Puedes configurar el software de tu navegador para que las cookies se almacenen en tu terminal o, por el contrario, para que sean rechazadas, ya sea sistem\u00e1ticamente o en funci\u00f3n del remitente. Tambi\u00e9n puedes configurar tu navegador para que se te pida que aceptes o rechaces las cookies antes de que se almacene una cookie en tu terminal. Para m\u00e1s informaci\u00f3n, consulta \u00abC\u00f3mo ejercer tus opciones, seg\u00fan el navegador que utilices\u00bb m\u00e1s abajo.<\/span><\/p>\n<p><b>(a) El acuerdo sobre cookies<\/b><\/p>\n<p><span style=\"font-weight: 400;\">El registro de una cookie en un terminal est\u00e1 sujeto esencialmente a la voluntad del usuario del Terminal, que puede expresar y modificar en cualquier momento y de forma gratuita mediante las opciones que le ofrece su software de navegaci\u00f3n.<\/span><span style=\"font-weight: 400;\"><br \/><\/span><span style=\"font-weight: 400;\">Si el software de tu navegador permite que se almacenen cookies en tu Terminal, las cookies integradas en las p\u00e1ginas y contenidos que has consultado pueden almacenarse temporalmente en un espacio dedicado de tu Terminal. S\u00f3lo ser\u00e1n legibles por el remitente.<\/span><\/p>\n<p><b>(b) Rechazo de cookies<\/b><\/p>\n<p><span style=\"font-weight: 400;\">Si te niegas a aceptar cookies en tu terminal, o si eliminas las cookies almacenadas en tu terminal, ya no podr\u00e1s beneficiarte de un cierto n\u00famero de funciones que, sin embargo, son necesarias para navegar por determinadas \u00e1reas de nuestro Sitio. \u00c9ste ser\u00eda el caso si intentaras acceder a nuestros contenidos o servicios que requieren que te identifiques. Lo mismo ocurrir\u00eda si nosotros -o nuestros proveedores de servicios- no pudi\u00e9ramos reconocer, por motivos de compatibilidad t\u00e9cnica, el tipo de navegador utilizado por tu terminal, su idioma y configuraci\u00f3n de pantalla o el pa\u00eds desde el que tu terminal parece estar conectado a Internet.<\/span><span style=\"font-weight: 400;\"><br \/><\/span><span style=\"font-weight: 400;\">Adopt Parfums SAS no ser\u00e1 responsable de las consecuencias del mal funcionamiento de nuestros servicios resultantes de la imposibilidad para Adopt Parfums SAS de registrar o consultar las cookies necesarias para su funcionamiento y que hayas podido rechazar o suprimir.<\/span><\/p>\n<p><b>\u00bfC\u00f3mo ejerces tus opciones, seg\u00fan el navegador que utilices?<\/b><\/p>\n<p><span style=\"font-weight: 400;\">Para gestionar las cookies y tus elecciones, la configuraci\u00f3n de cada navegador es diferente. Esto se describe en el men\u00fa de ayuda de tu navegador, que te indicar\u00e1 c\u00f3mo modificar tus preferencias de cookies:<\/span><\/p>\n<p><b>Para Internet Explorer\u2122:<\/b><span style=\"font-weight: 400;\"> <\/span><a href=\"http:\/\/windows.microsoft.com\/fr-FR\/windows-vista\/Block-or-allow-cookies\"><br \/>\n  <span style=\"font-weight: 400;\">http:\/\/windows.microsoft.com\/fr-FR\/windows-vista\/Block-or-allow-cookies<\/span><br \/>\n<\/a><\/p>\n<p><b>Para Safari\u2122:<\/b><span style=\"font-weight: 400;\"> <\/span><a href=\"http:\/\/docs.info.apple.com\/article.html?path=Safari\/3.0\/fr\/9277.html\"><br \/>\n  <span style=\"font-weight: 400;\">http:\/\/docs.info.apple.com\/article.html?path=Safari\/3.0\/fr\/9277.html<\/span><br \/>\n<\/a><\/p>\n<p><b>Para Chrome\u2122:<\/b><span style=\"font-weight: 400;\"> <\/span><a href=\"http:\/\/support.google.com\/chrome\/bin\/answer.py?hl=fr&amp;hlrm=en&amp;answer=95647\"><br \/>\n  <span style=\"font-weight: 400;\">http:\/\/support.google.com\/chrome\/bin\/answer.py?hl=fr&amp;hlrm=en&amp;answer=95647<\/span><br \/>\n<\/a><\/p>\n<p><b>Para Firefox\u2122:<\/b><span style=\"font-weight: 400;\"> <\/span><a href=\"http:\/\/support.mozilla.org\/fr\/kb\/Activer%20et%20d%C3%A9sactiver%20les%20cookies\"><br \/>\n  <span style=\"font-weight: 400;\">http:\/\/support.mozilla.org\/fr\/kb\/Activer20et20dC3A9sactiver20les20cookies<\/span><br \/>\n<\/a><\/p>\n<p><b>Para Opera\u2122:<\/b><span style=\"font-weight: 400;\"> <\/span><a href=\"http:\/\/help.opera.com\/Windows\/10.20\/fr\/cookies.html\"><br \/>\n  <span style=\"font-weight: 400;\">http:\/\/help.opera.com\/Windows\/10.20\/fr\/cookies.html<\/span><br \/>\n<\/a><\/p>\n<p><span style=\"font-weight: 400;\">M\u00e1s informaci\u00f3n sobre las cookies en el sitio web de la CNIL <\/span><span style=\"font-weight: 400;\">: <\/span><a href=\"http:\/\/www.cnil.fr\/vos-droits\/vos-traces\/les-cookies\/\"><br \/>\n  <span style=\"font-weight: 400;\">http:\/\/www.cnil.fr\/vos-droits\/vos-traces\/les-cookies\/<\/span><br \/>\n<\/a><\/p>\n\t\t\t\t\t\t\t\t<\/div>\n\t\t\t\t<\/div>\n\t\t\t\t\t<\/div>\n\t\t\t\t<\/div>\n\t\t\t\t<\/div>\n\t\t","protected":false},"excerpt":{"rendered":"<p>PRIVACIDAD Y COOKIES Bienvenido a nuestro sitio web franchise.adopt.com (en adelante, el \u00abSitio\u00bb) publicado por Adopt Parfums SAS. Esta secci\u00f3n est\u00e1 dedicada a nuestra pol\u00edtica de protecci\u00f3n de la privacidad. \u00bfQU\u00c9 DATOS PERSONALES RECOGEMOS? Cuando rellenas el formulario de contacto, recogemos y procesamos tus apellidos, nombre, n\u00famero de tel\u00e9fono, direcci\u00f3n de correo electr\u00f3nico e informaci\u00f3n [&hellip;]<\/p>\n","protected":false},"author":1,"featured_media":0,"parent":0,"menu_order":0,"comment_status":"closed","ping_status":"closed","template":"","meta":{"_jet_sm_ready_style":"","_jet_sm_style":"","_jet_sm_controls_values":"","_jet_sm_fonts_collection":"","_jet_sm_fonts_links":"","footnotes":""},"class_list":["post-2906","page","type-page","status-publish","hentry"],"_links":{"self":[{"href":"https:\/\/franchise.adopt.com\/es\/wp-json\/wp\/v2\/pages\/2906","targetHints":{"allow":["GET"]}}],"collection":[{"href":"https:\/\/franchise.adopt.com\/es\/wp-json\/wp\/v2\/pages"}],"about":[{"href":"https:\/\/franchise.adopt.com\/es\/wp-json\/wp\/v2\/types\/page"}],"author":[{"embeddable":true,"href":"https:\/\/franchise.adopt.com\/es\/wp-json\/wp\/v2\/users\/1"}],"replies":[{"embeddable":true,"href":"https:\/\/franchise.adopt.com\/es\/wp-json\/wp\/v2\/comments?post=2906"}],"version-history":[{"count":7,"href":"https:\/\/franchise.adopt.com\/es\/wp-json\/wp\/v2\/pages\/2906\/revisions"}],"predecessor-version":[{"id":2913,"href":"https:\/\/franchise.adopt.com\/es\/wp-json\/wp\/v2\/pages\/2906\/revisions\/2913"}],"wp:attachment":[{"href":"https:\/\/franchise.adopt.com\/es\/wp-json\/wp\/v2\/media?parent=2906"}],"curies":[{"name":"wp","href":"https:\/\/api.w.org\/{rel}","templated":true}]}}