{"id":2858,"date":"2023-06-07T19:55:31","date_gmt":"2023-06-07T17:55:31","guid":{"rendered":"https:\/\/franchise.adopt.com\/termini-e-condizioni-duso\/"},"modified":"2024-06-25T16:11:57","modified_gmt":"2024-06-25T14:11:57","slug":"termini-e-condizioni-duso","status":"publish","type":"page","link":"https:\/\/franchise.adopt.com\/it\/termini-e-condizioni-duso\/","title":{"rendered":"Termini e condizioni d&#8217;uso"},"content":{"rendered":"\t\t<div data-elementor-type=\"wp-page\" data-elementor-id=\"2858\" class=\"elementor elementor-2858 elementor-915\" data-elementor-post-type=\"page\">\n\t\t\t\t<div class=\"elementor-element elementor-element-89ea009 e-flex e-con-boxed e-con e-parent\" data-id=\"89ea009\" data-element_type=\"container\" data-settings=\"{&quot;jet_parallax_layout_list&quot;:[]}\">\n\t\t\t\t\t<div class=\"e-con-inner\">\n\t\t\t\t<div class=\"elementor-element elementor-element-fa7b88c elementor-widget elementor-widget-text-editor\" data-id=\"fa7b88c\" data-element_type=\"widget\" data-widget_type=\"text-editor.default\">\n\t\t\t\t<div class=\"elementor-widget-container\">\n\t\t\t\t\t\t\t\t\t<h2>TERMINI E CONDIZIONI GENERALI DI UTILIZZO<\/h2>\n<h6><strong>La prosecuzione della navigazione in questo sito implica l&#8217;accettazione senza riserve delle seguenti disposizioni<\/strong><br><strong>e le condizioni d&#8217;uso che seguono.<\/strong><\/h6>\n<p><\/p>\n<h3>Informazioni legali :&nbsp;<\/h3>\n<p>&nbsp;&nbsp;Il sito web franchise.adopt.com (&#8220;il sito web&#8221;) \u00e8 prodotto e pubblicato da Adopt Parfums SAS,<br>una societ\u00e0 per azioni semplificata con capitale sociale di 26583649 euro, iscritta al Registre<br>du Commerce et des Soci\u00e9t\u00e9s de Bordeaux con il numero B 351 837 406.<br>La sede legale si trova al 19 Impasse Lou Haou &#8211; Z.I Auguste V &#8211; 33610 CESTAS.<br>E-mail :&nbsp;<a href=\"mailto:serviceclient@adopt.com\">serviceclient@adopt.com<\/a><br>&nbsp;Direttore della pubblicazione: Fr\u00e9d\u00e9ric Stoeckel<br>&nbsp;Partita IVA individuale: FR 37351837406<br>&nbsp;SIRET : 351 837 406 00 856<\/p>\n<p><\/p>\n<h3>Sito creato da <a href=\"https:\/\/www.journey.agency\/\">Journey<\/a><\/h3>\n<p>23-25 Rue Jean-Jacques Rousseau 75001 Parigi<br>Contatto: Benoit CHOPIN<\/p>\n<h3>Sito ospitato da DIS<\/h3>\n<p>Gruppo DIS &#8211; 14 Rue Ambroise Croizat Parigi 93200 &#8211; Saint-Denis Tel: (+33) 3 20 09 11 68<\/p>\n<p><\/p>\n<h3>Accesso al sito<\/h3>\n<p>Il Sito fornisce l&#8217;accesso a :<\/p>\n<ul>\n<li>Le informazioni necessarie per diventare licenziatario Adopt Parfums<\/li>\n<li>Un modulo di contatto<br>L&#8217;accesso al Sito \u00e8 riservato ai maggiorenni. La Societ\u00e0 si riserva il diritto di<br>chiedere un documento che attesti l&#8217;et\u00e0.<\/li>\n<\/ul>\n<p>L&#8217;accesso e l&#8217;utilizzo del Sito sono esclusivamente per uso personale.<br>L&#8217;Utente si impegna a non utilizzare questo Sito e le informazioni o i dati in esso contenuti<br>per scopi commerciali, politici o pubblicitari, o per qualsiasi altra forma di pubblicit\u00e0.<br>sollecitazione commerciale.<\/p>\n<p><\/p>\n<h3>Propriet\u00e0 intellettuale<\/h3>\n<p>In conformit\u00e0 alle leggi che regolano i diritti di propriet\u00e0 intellettuale, questo Sito e il suo contenuto sono protetti da copyright.<br>tutti gli elementi che lo compongono (marchi, disegni, modelli, loghi, fotografie, ecc.),<br>ecc&#8230;) e la loro compilazione sono di propriet\u00e0 esclusiva di Adopt Parfums SAS.<br>Quest&#8217;ultimo non concede alcuna licenza o diritto diverso da quello di consultare il Sito.<br>L&#8217;utilizzo di tutti o parte di questi elementi \u00e8 autorizzato solo per i seguenti scopi<br>informazioni per uso personale e privato. Qualsiasi utilizzo di copie<br>per altri scopi, cos\u00ec come qualsiasi riproduzione, rappresentazione o adattamento,<br>la traduzione o la commercializzazione di tutti o parte di questi elementi sono severamente vietate.<br>vietato.<br>Il mancato rispetto di questo divieto costituisce una violazione ed espone l&#8217;autore o gli autori della violazione al rischio di essere perseguiti.<br>procedimenti civili e\/o penali.<\/p>\n<p><\/p>\n<h3>Responsabilit\u00e0 e risarcimento<\/h3>\n<p>Ci impegniamo al massimo per garantire che le informazioni siano accurate e aggiornate.<br>informazioni pubblicate sul Sito, che ci riserviamo di correggere in qualsiasi momento.<br>in qualsiasi momento e senza preavviso. Tuttavia, non possiamo garantire<br>l&#8217;accuratezza, la precisione o la completezza delle informazioni rese disponibili sul sito web.<\/p>\n<p>Sito web. Di conseguenza, Adopt Parfums SAS non pu\u00f2 essere ritenuta responsabile per<br>per :<\/p>\n<ul>\n<li>qualsiasi imprecisione, errore o omissione relativa alle informazioni disponibili<br>sul Sito;<\/li>\n<li>qualsiasi danno derivante da un&#8217;intrusione fraudolenta da parte di terzi che porta a<br>una modifica delle informazioni rese disponibili sul Sito;<\/li>\n<li>e pi\u00f9 in generale per qualsiasi danno, diretto o indiretto, qualunque ne sia la causa.<br>le cause, le origini, la natura o le conseguenze, a causa dell&#8217;impossibilit\u00e0 di<br>accesso, malfunzionamento o interruzione del Sito.<\/li>\n<\/ul>\n<p>Inoltre, i collegamenti ipertestuali possono condurre ad altri siti web, Adopt<br>Parfums SAS non si assume alcuna responsabilit\u00e0 per il contenuto di questi siti o per il contenuto di altri siti.<br>informazioni, elementi, prodotti o servizi che sono accessibili in particolare nel sito<br>se il contenuto di questi siti contravviene a disposizioni legali o regolamentari.<br>in vigore.<\/p>\n<p>Inoltre, si precisa che l&#8217;Utente non \u00e8 autorizzato a utilizzare o inserire link<br>collegamenti ipertestuali al Sito.<\/p>\n<p><\/p>\n<h3>Modifiche al Sito e alla GCU<\/h3>\n<p>Adopt Parfums SAS si riserva il diritto di apportare miglioramenti o modifiche al contenuto di questo sito web in qualsiasi momento.<br>informazioni e altri elementi messi a disposizione dell&#8217;Utente sul Sito.<br>Inoltre, Adopt Parfums SAS pu\u00f2 modificare le presenti CGU in qualsiasi momento. Il<br>I termini e le condizioni generali d&#8217;uso applicabili sono quelli in vigore alla data del<br>l&#8217;utilizzo del Sito da parte dell&#8217;Utente.<br>Continuando a consultare e utilizzare il Sito, si riterr\u00e0 che l&#8217;Utente abbia accettato i termini e le condizioni di utilizzo.<br>I T&amp;C sono stati modificati.<\/p>\n<p><\/p>\n<h3>Legge applicabile<\/h3>\n<p>L&#8217;utilizzo del Sito e delle presenti CGU \u00e8 regolato dalla legge francese.<\/p>\n<h3>Contattaci<\/h3>\n<p>Se hai delle domande, puoi inviare un&#8217;e-mail al seguente indirizzo<br>: <a href=\"mailto:serviceclient@adopt.com\">serviceclient@adopt.com<\/a><\/p>\t\t\t\t\t\t\t\t<\/div>\n\t\t\t\t<\/div>\n\t\t\t\t\t<\/div>\n\t\t\t\t<\/div>\n\t\t\t\t<\/div>\n\t\t","protected":false},"excerpt":{"rendered":"<p>TERMINI E CONDIZIONI GENERALI DI UTILIZZO La prosecuzione della navigazione in questo sito implica l&#8217;accettazione senza riserve delle seguenti disposizionie le condizioni d&#8217;uso che seguono. Informazioni legali :&nbsp; &nbsp;&nbsp;Il sito web franchise.adopt.com (&#8220;il sito web&#8221;) \u00e8 prodotto e pubblicato da Adopt Parfums SAS,una societ\u00e0 per azioni semplificata con capitale sociale di 26583649 euro, iscritta al [&hellip;]<\/p>\n","protected":false},"author":1,"featured_media":0,"parent":0,"menu_order":0,"comment_status":"closed","ping_status":"closed","template":"","meta":{"_jet_sm_ready_style":"","_jet_sm_style":"","_jet_sm_controls_values":"","_jet_sm_fonts_collection":"","_jet_sm_fonts_links":"","footnotes":""},"class_list":["post-2858","page","type-page","status-publish","hentry"],"_links":{"self":[{"href":"https:\/\/franchise.adopt.com\/it\/wp-json\/wp\/v2\/pages\/2858","targetHints":{"allow":["GET"]}}],"collection":[{"href":"https:\/\/franchise.adopt.com\/it\/wp-json\/wp\/v2\/pages"}],"about":[{"href":"https:\/\/franchise.adopt.com\/it\/wp-json\/wp\/v2\/types\/page"}],"author":[{"embeddable":true,"href":"https:\/\/franchise.adopt.com\/it\/wp-json\/wp\/v2\/users\/1"}],"replies":[{"embeddable":true,"href":"https:\/\/franchise.adopt.com\/it\/wp-json\/wp\/v2\/comments?post=2858"}],"version-history":[{"count":3,"href":"https:\/\/franchise.adopt.com\/it\/wp-json\/wp\/v2\/pages\/2858\/revisions"}],"predecessor-version":[{"id":2861,"href":"https:\/\/franchise.adopt.com\/it\/wp-json\/wp\/v2\/pages\/2858\/revisions\/2861"}],"wp:attachment":[{"href":"https:\/\/franchise.adopt.com\/it\/wp-json\/wp\/v2\/media?parent=2858"}],"curies":[{"name":"wp","href":"https:\/\/api.w.org\/{rel}","templated":true}]}}