{"id":2866,"date":"2023-06-07T20:08:26","date_gmt":"2023-06-07T18:08:26","guid":{"rendered":"https:\/\/franchise.adopt.com\/thomas\/"},"modified":"2024-06-28T14:01:10","modified_gmt":"2024-06-28T12:01:10","slug":"privacy-e-cookie","status":"publish","type":"page","link":"https:\/\/franchise.adopt.com\/it\/privacy-e-cookie\/","title":{"rendered":"privacy e cookie"},"content":{"rendered":"\t\t<div data-elementor-type=\"wp-page\" data-elementor-id=\"2866\" class=\"elementor elementor-2866 elementor-930\" data-elementor-post-type=\"page\">\n\t\t\t\t<div class=\"elementor-element elementor-element-cc9da66 e-flex e-con-boxed e-con e-parent\" data-id=\"cc9da66\" data-element_type=\"container\" data-settings=\"{&quot;jet_parallax_layout_list&quot;:[]}\">\n\t\t\t\t\t<div class=\"e-con-inner\">\n\t\t\t\t<div class=\"elementor-element elementor-element-f28771b elementor-widget elementor-widget-text-editor\" data-id=\"f28771b\" data-element_type=\"widget\" data-widget_type=\"text-editor.default\">\n\t\t\t\t<div class=\"elementor-widget-container\">\n\t\t\t\t\t\t\t\t\t<h2>PRIVACY E COOKIE<\/h2>\n<h6><strong>Benvenuto sul nostro sito web franchise.adopt.com (di seguito il &#8220;Sito&#8221;) pubblicato da Adopt Parfums SAS. Questa sezione \u00e8 dedicata alla nostra politica di tutela della privacy.<\/strong><\/h6>\n<p><b>QUALI DATI PERSONALI RACCOGLIAMO?<\/b><\/p>\n<p><span style=\"font-weight: 400;\">Quando compili il modulo di contatto, raccogliamo ed elaboriamo il tuo cognome, nome, numero di telefono, indirizzo e-mail e informazioni sui tuoi progetti di investimento.<\/span><\/p>\n<p><b>QUANDO RACCOGLIAMO I TUOI DATI PERSONALI?<\/b><\/p>\n<p><span style=\"font-weight: 400;\">Raccogliamo le informazioni che ci fornisci volontariamente, in particolare quando :<\/span><\/p>\n<p><span style=\"font-weight: 400;\">&#8211; Stai richiedendo informazioni sul nostro sito web<\/span><span style=\"font-weight: 400;\"><br \/>\n  <br \/>\n<\/span><span style=\"font-weight: 400;\">&#8211; Desideri essere contattato da un rappresentante commerciale<\/span><\/p>\n<p><span style=\"font-weight: 400;\">Quando compili dei campi, alcune informazioni sono necessarie per adempiere ai nostri obblighi nei tuoi confronti, cio\u00e8 per fornirti un servizio. Se non riceviamo queste informazioni obbligatorie, non saremo in grado di fornirti ci\u00f2 che ti aspetti.<\/span><\/p>\n<p><span style=\"font-weight: 400;\">Alcune informazioni, in particolare quelle tecniche (come l&#8217;indirizzo IP del tuo computer) o quelle relative al tuo utilizzo del sito e delle sue funzionalit\u00e0, vengono raccolte automaticamente come risultato delle tue azioni sul nostro sito per mezzo dei cookie. La navigazione sul Sito pu\u00f2 causare l&#8217;installazione di cookie sul computer dell&#8217;utente. Un cookie \u00e8 un piccolo file che non permette di identificare l&#8217;utente, ma che registra informazioni relative alla navigazione di un computer su un sito. I dati ottenuti in questo modo hanno lo scopo di facilitare la successiva navigazione del sito e vengono utilizzati anche per misurare il numero di visitatori.<\/span><\/p>\n<p><span style=\"font-weight: 400;\">Se rifiuti di installare un cookie, potresti non essere in grado di accedere ad alcuni servizi. Tuttavia, gli utenti possono configurare il proprio computer come segue per rifiutare l&#8217;installazione dei cookie.<\/span><\/p>\n<p><span style=\"font-weight: 400;\">Il Sito pu\u00f2 adattare alcuni di questi contenuti in base alla presunta posizione geografica del visitatore. Le informazioni di geolocalizzazione vengono fornite da terzi in base alla posizione da cui l&#8217;utente si collega al sito. In nessun caso viene conservato o utilizzato.<\/span><\/p>\n<p><b>COME UTILIZZEREMO I TUOI DATI PERSONALI?<\/b><\/p>\n<p><span style=\"font-weight: 400;\">Utilizzeremo i tuoi dati personali per uno o pi\u00f9 dei seguenti scopi:<\/span><\/p>\n<p><span style=\"font-weight: 400;\">&#8211; Per migliorare l&#8217;esperienza dell&#8217;utente sul nostro Sito e per beneficiare delle funzionalit\u00e0 e dei servizi del Sito.<\/span><span style=\"font-weight: 400;\"><br \/>\n  <br \/>\n<\/span><span style=\"font-weight: 400;\">caratteristiche e servizi del Sito;<\/span><span style=\"font-weight: 400;\"><br \/>\n  <br \/>\n<\/span><span style=\"font-weight: 400;\">&#8211; Per compilare statistiche commerciali;<\/span><span style=\"font-weight: 400;\"><br \/>\n  <br \/>\n<\/span><span style=\"font-weight: 400;\">&#8211; analizzare e compilare statistiche relative alla consultazione e all&#8217;utilizzo del Sito.<\/span><\/p>\n<p><span style=\"font-weight: 400;\">&#8211; Per scambiare i nostri file di clienti e potenziali clienti con i nostri partner;<\/span><span style=\"font-weight: 400;\"><br \/>\n  <br \/>\n<\/span><span style=\"font-weight: 400;\">&#8211; Per inviare informazioni personalizzate sulle nostre offerte e sui nostri servizi;<\/span><span style=\"font-weight: 400;\"><br \/>\n  <br \/>\n<\/span><span style=\"font-weight: 400;\">&#8211; Per gestire le richieste di diritti di accesso, rettifica e opposizione;<\/span><span style=\"font-weight: 400;\"><br \/>\n  <br \/>\n<\/span><span style=\"font-weight: 400;\">&#8211; Per adempiere ai nostri obblighi legali e normativi.<\/span><\/p>\n<p><b>CHI RICEVER\u00c0 I TUOI DATI PERSONALI?<\/b><\/p>\n<p><span style=\"font-weight: 400;\">Il primo \u00e8 Adopt Parfums SAS, il proprietario del sito web. Include anche i fornitori di servizi con cui Adopt Parfums SAS collabora per la gestione del servizio clienti, degli abbonamenti e per le finalit\u00e0 precedentemente menzionate, e solo nella misura necessaria a svolgere i compiti loro affidati.<\/span><\/p>\n<p><span style=\"font-weight: 400;\">Chiediamo ai fornitori di servizi di agire sempre nel rispetto delle leggi vigenti in materia di protezione dei dati personali e di prestare particolare attenzione alla riservatezza e alla sicurezza di tali dati.<\/span><\/p>\n<p><span style=\"font-weight: 400;\">I tuoi dati personali potranno essere comunicati in applicazione di una legge, di un regolamento, di una decisione di un&#8217;autorit\u00e0 di regolamentazione o giudiziaria e infine, se necessario per Adopt Parfums SAS, al fine di preservare i suoi diritti e interessi.<\/span><\/p>\n<p><b>DOVE VENGONO CONSERVATI I TUOI DATI PERSONALI?<\/b><\/p>\n<p><span style=\"font-weight: 400;\">I tuoi dati personali sono conservati in database di propriet\u00e0 di Adopt Parfums SAS.<\/span><\/p>\n<p><b>I TUOI DATI PERSONALI SARANNO TRASFERITI AL DI FUORI DELL&#8217;UNIONE EUROPEA?<\/b><\/p>\n<p><span style=\"font-weight: 400;\">No. I tuoi dati personali non saranno trasferiti al di fuori dell&#8217;Unione Europea.<\/span><\/p>\n<p><b>QUALI SONO I TUOI DIRITTI IN MERITO AI TUOI DATI PERSONALI?<\/b><\/p>\n<p><span style=\"font-weight: 400;\">Hai il diritto di accedere, rettificare e cancellare i tuoi dati personali, nonch\u00e9 il diritto di limitare il trattamento e la portabilit\u00e0 dei tuoi dati. Hai inoltre il diritto di opporti, per motivi legittimi, al trattamento dei tuoi dati personali e il diritto di opporti al trattamento dei tuoi dati per finalit\u00e0 di marketing.<\/span><\/p>\n<p><span style=\"font-weight: 400;\">Infine, hai il diritto di presentare un reclamo alla CNIL.<\/span><span style=\"font-weight: 400;\"><br \/><\/span><span style=\"font-weight: 400;\">Puoi esercitare questi diritti in qualsiasi momento contattando il nostro servizio clienti via e-mail: serviceclient@adopt.com, citando il tuo riferimento cliente.<\/span><\/p>\n<p><span style=\"font-weight: 400;\">Ti verr\u00e0 inviata una risposta entro uno o tre mesi dal ricevimento della richiesta.<\/span><\/p>\n<p><b>PER QUANTO TEMPO SARANNO CONSERVATI I TUOI DATI PERSONALI?<\/b><\/p>\n<p><span style=\"font-weight: 400;\">I tuoi dati personali sono conservati per un periodo di tempo non superiore a quello necessario per le finalit\u00e0 per cui sono stati raccolti. I tuoi dati saranno quindi conservati per la durata del nostro rapporto contrattuale e archiviati per un periodo di quattro (4) anni dopo la fine del suddetto rapporto contrattuale, qualora sia di interesse amministrativo, in particolare per stabilire la prova di un diritto o di un contratto.<\/span><\/p>\n<p><b>INFORMATIVA SUI COOKIE<\/b><\/p>\n<p><span style=\"font-weight: 400;\">In questa sezione puoi trovare maggiori informazioni sull&#8217;origine e sull&#8217;utilizzo delle informazioni di navigazione elaborate quando visiti il nostro Sito e sui tuoi diritti.<\/span><span style=\"font-weight: 400;\"><br \/><\/span><span style=\"font-weight: 400;\">Quando visiti il nostro Sito, le informazioni relative alla navigazione del tuo terminale (computer, tablet, smartphone, ecc.) sul nostro Sito possono essere registrate in file &#8220;cookie&#8221; installati sul tuo terminale, in base alle tue scelte, che puoi modificare in qualsiasi momento. I cookie sono file informatici memorizzati sul disco rigido del tuo computer che ci permettono di riconoscere il browser del tuo terminale.<\/span><span style=\"font-weight: 400;\"><br \/><\/span><span style=\"font-weight: 400;\">I cookie che emettiamo sul nostro sito sono utilizzati esclusivamente per compilare statistiche e volumi di visite e utilizzo dei vari elementi che compongono il nostro sito web, consentendoci di migliorare l&#8217;interesse e l&#8217;ergonomia dei nostri servizi. I cookie sono quindi utilizzati dal nostro Sito solo per migliorare il servizio offerto all&#8217;utente.<\/span><span style=\"font-weight: 400;\"><br \/><\/span><span style=\"font-weight: 400;\">Puoi rifiutare i cookie configurando il tuo browser internet.<\/span><\/p>\n<p><span style=\"font-weight: 400;\">LE TUE SCELTE SUI COOKIE<\/span><\/p>\n<p><span style=\"font-weight: 400;\">Hai diverse opzioni per gestire i cookie. Le impostazioni effettuate possono influenzare la tua navigazione su Internet e le tue condizioni di accesso a determinati servizi che richiedono l&#8217;uso di cookie.<\/span><span style=\"font-weight: 400;\"><br \/><\/span><span style=\"font-weight: 400;\">Puoi scegliere in qualsiasi momento di esprimere e modificare i tuoi desideri in merito ai cookie, attraverso le modalit\u00e0 descritte di seguito.<\/span><\/p>\n<p><span style=\"font-weight: 400;\">Le scelte offerte dal tuo browser<\/span><\/p>\n<p><span style=\"font-weight: 400;\">Puoi configurare il software del tuo browser in modo che i cookie vengano memorizzati sul tuo terminale o, al contrario, in modo che vengano rifiutati, sia sistematicamente che a seconda del mittente. Puoi anche configurare il tuo browser in modo che ti venga richiesto di accettare o rifiutare i cookie prima che questi vengano memorizzati sul tuo terminale. Per maggiori informazioni, consulta la sezione &#8220;Come esercitare le tue scelte, a seconda del browser che utilizzi&#8221;.<\/span><\/p>\n<p><b>(a) L&#8217;accordo sui cookie<\/b><\/p>\n<p><span style=\"font-weight: 400;\">La registrazione di un cookie in un terminale \u00e8 essenzialmente soggetta alla volont\u00e0 dell&#8217;utente del terminale, che pu\u00f2 esprimere e modificare in qualsiasi momento e gratuitamente attraverso le scelte offerte dal software del suo browser.<\/span><span style=\"font-weight: 400;\"><br \/><\/span><span style=\"font-weight: 400;\">Se il software del tuo browser consente la memorizzazione dei cookie sul tuo terminale, i cookie incorporati nelle pagine e nei contenuti che hai consultato potrebbero essere memorizzati temporaneamente in uno spazio dedicato sul tuo terminale. Saranno leggibili solo dal mittente.<\/span><\/p>\n<p><b>(b) Rifiuto dei cookie<\/b><\/p>\n<p><span style=\"font-weight: 400;\">Se rifiuti di accettare i cookie sul tuo terminale o se cancelli i cookie memorizzati sul tuo terminale, non potrai pi\u00f9 usufruire di alcune funzioni che sono comunque necessarie per navigare in alcune aree del nostro Sito. Questo potrebbe accadere nel caso in cui tu tentassi di accedere ai nostri contenuti o servizi che richiedono la tua identificazione. Ci\u00f2 accadrebbe anche se noi &#8211; o i nostri fornitori di servizi &#8211; non fossimo in grado di riconoscere, per motivi di compatibilit\u00e0 tecnica, il tipo di browser utilizzato dal tuo terminale, le sue impostazioni di lingua e di visualizzazione o il paese da cui il tuo terminale sembra essere connesso a Internet.<\/span><span style=\"font-weight: 400;\"><br \/><\/span><span style=\"font-weight: 400;\">Adopt Parfums SAS non sar\u00e0 responsabile delle conseguenze dell&#8217;alterato funzionamento dei nostri servizi derivante dall&#8217;impossibilit\u00e0 per Adopt Parfums SAS di registrare o consultare i cookie necessari al loro funzionamento e che l&#8217;utente potrebbe aver rifiutato o cancellato.<\/span><\/p>\n<p><b>Come puoi esercitare le tue scelte, a seconda del browser che utilizzi?<\/b><\/p>\n<p><span style=\"font-weight: 400;\">Per gestire i cookie e le tue scelte, la configurazione di ogni browser \u00e8 diversa. Questo \u00e8 descritto nel menu di aiuto del tuo browser, che ti indicher\u00e0 come modificare le tue preferenze sui cookie:<\/span><\/p>\n<p><b>Per Internet Explorer\u2122:<\/b><span style=\"font-weight: 400;\"> <\/span><a href=\"http:\/\/windows.microsoft.com\/fr-FR\/windows-vista\/Block-or-allow-cookies\"><br \/>\n  <span style=\"font-weight: 400;\">http:\/\/windows.microsoft.com\/fr-FR\/windows-vista\/Block-or-allow-cookies<\/span><br \/>\n<\/a><\/p>\n<p><b>Per Safari\u2122:<\/b><span style=\"font-weight: 400;\"> <\/span><a href=\"http:\/\/docs.info.apple.com\/article.html?path=Safari\/3.0\/fr\/9277.html\"><br \/>\n  <span style=\"font-weight: 400;\">http:\/\/docs.info.apple.com\/article.html?path=Safari\/3.0\/fr\/9277.html<\/span><br \/>\n<\/a><\/p>\n<p><b>Per Chrome\u2122:<\/b><span style=\"font-weight: 400;\"> <\/span><a href=\"http:\/\/support.google.com\/chrome\/bin\/answer.py?hl=fr&amp;hlrm=en&amp;answer=95647\"><br \/>\n  <span style=\"font-weight: 400;\">http:\/\/support.google.com\/chrome\/bin\/answer.py?hl=fr&amp;hlrm=en&amp;answer=95647<\/span><br \/>\n<\/a><\/p>\n<p><b>Per Firefox\u2122:<\/b><span style=\"font-weight: 400;\"> <\/span><a href=\"http:\/\/support.mozilla.org\/fr\/kb\/Activer%20et%20d%C3%A9sactiver%20les%20cookies\"><br \/>\n  <span style=\"font-weight: 400;\">http:\/\/support.mozilla.org\/fr\/kb\/Activer20et20dC3A9sactiver20les20cookies<\/span><br \/>\n<\/a><\/p>\n<p><b>Per Opera\u2122:<\/b><span style=\"font-weight: 400;\"> <\/span><a href=\"http:\/\/help.opera.com\/Windows\/10.20\/fr\/cookies.html\"><br \/>\n  <span style=\"font-weight: 400;\">http:\/\/help.opera.com\/Windows\/10.20\/fr\/cookies.html<\/span><br \/>\n<\/a><\/p>\n<p><span style=\"font-weight: 400;\">Maggiori informazioni sui cookie sul sito web della CNIL <\/span><span style=\"font-weight: 400;\">: <\/span><a href=\"http:\/\/www.cnil.fr\/vos-droits\/vos-traces\/les-cookies\/\"><br \/>\n  <span style=\"font-weight: 400;\">http:\/\/www.cnil.fr\/vos-droits\/vos-traces\/les-cookies\/<\/span><br \/>\n<\/a><\/p>\n\t\t\t\t\t\t\t\t<\/div>\n\t\t\t\t<\/div>\n\t\t\t\t\t<\/div>\n\t\t\t\t<\/div>\n\t\t\t\t<\/div>\n\t\t","protected":false},"excerpt":{"rendered":"<p>PRIVACY E COOKIE Benvenuto sul nostro sito web franchise.adopt.com (di seguito il &#8220;Sito&#8221;) pubblicato da Adopt Parfums SAS. Questa sezione \u00e8 dedicata alla nostra politica di tutela della privacy. QUALI DATI PERSONALI RACCOGLIAMO? Quando compili il modulo di contatto, raccogliamo ed elaboriamo il tuo cognome, nome, numero di telefono, indirizzo e-mail e informazioni sui tuoi [&hellip;]<\/p>\n","protected":false},"author":1,"featured_media":0,"parent":0,"menu_order":0,"comment_status":"closed","ping_status":"closed","template":"","meta":{"_jet_sm_ready_style":"","_jet_sm_style":"","_jet_sm_controls_values":"","_jet_sm_fonts_collection":"","_jet_sm_fonts_links":"","footnotes":""},"class_list":["post-2866","page","type-page","status-publish","hentry"],"_links":{"self":[{"href":"https:\/\/franchise.adopt.com\/it\/wp-json\/wp\/v2\/pages\/2866","targetHints":{"allow":["GET"]}}],"collection":[{"href":"https:\/\/franchise.adopt.com\/it\/wp-json\/wp\/v2\/pages"}],"about":[{"href":"https:\/\/franchise.adopt.com\/it\/wp-json\/wp\/v2\/types\/page"}],"author":[{"embeddable":true,"href":"https:\/\/franchise.adopt.com\/it\/wp-json\/wp\/v2\/users\/1"}],"replies":[{"embeddable":true,"href":"https:\/\/franchise.adopt.com\/it\/wp-json\/wp\/v2\/comments?post=2866"}],"version-history":[{"count":8,"href":"https:\/\/franchise.adopt.com\/it\/wp-json\/wp\/v2\/pages\/2866\/revisions"}],"predecessor-version":[{"id":3009,"href":"https:\/\/franchise.adopt.com\/it\/wp-json\/wp\/v2\/pages\/2866\/revisions\/3009"}],"wp:attachment":[{"href":"https:\/\/franchise.adopt.com\/it\/wp-json\/wp\/v2\/media?parent=2866"}],"curies":[{"name":"wp","href":"https:\/\/api.w.org\/{rel}","templated":true}]}}