{"id":2878,"date":"2023-06-07T19:55:31","date_gmt":"2023-06-07T17:55:31","guid":{"rendered":"https:\/\/franchise.adopt.com\/warunki-uzytkowania\/"},"modified":"2024-06-25T16:16:41","modified_gmt":"2024-06-25T14:16:41","slug":"warunki-uzytkowania","status":"publish","type":"page","link":"https:\/\/franchise.adopt.com\/pl\/warunki-uzytkowania\/","title":{"rendered":"Warunki u\u017cytkowania"},"content":{"rendered":"\t\t<div data-elementor-type=\"wp-page\" data-elementor-id=\"2878\" class=\"elementor elementor-2878 elementor-915\" data-elementor-post-type=\"page\">\n\t\t\t\t<div class=\"elementor-element elementor-element-89ea009 e-flex e-con-boxed e-con e-parent\" data-id=\"89ea009\" data-element_type=\"container\" data-settings=\"{&quot;jet_parallax_layout_list&quot;:[]}\">\n\t\t\t\t\t<div class=\"e-con-inner\">\n\t\t\t\t<div class=\"elementor-element elementor-element-fa7b88c elementor-widget elementor-widget-text-editor\" data-id=\"fa7b88c\" data-element_type=\"widget\" data-widget_type=\"text-editor.default\">\n\t\t\t\t<div class=\"elementor-widget-container\">\n\t\t\t\t\t\t\t\t\t<h2>OG\u00d3LNE WARUNKI U\u017bYTKOWANIA<\/h2>\n<h6><strong>Dalsze przegl\u0105danie tej witryny oznacza bezwarunkow\u0105 akceptacj\u0119 nast\u0119puj\u0105cych postanowie\u0144<\/strong><br><strong>oraz poni\u017csze warunki u\u017cytkowania.<\/strong><\/h6>\n<p><\/p>\n<h3>Informacje prawne :&nbsp;<\/h3>\n<p>&nbsp;&nbsp;Strona internetowa franchise.adopt.com (&#8222;strona internetowa&#8221;) jest tworzona i publikowana przez Adopt Parfums SAS,<br>uproszczona sp\u00f3\u0142ka akcyjna z kapita\u0142em w wysoko\u015bci 26583649 euro, zarejestrowana w Registre<br>du Commerce et des Soci\u00e9t\u00e9s de Bordeaux pod numerem B 351 837 406.<br>Siedziba sp\u00f3\u0142ki znajduje si\u0119 pod adresem 19 Impasse Lou Haou &#8211; Z.I Auguste V &#8211; 33610 CESTAS.<br>E-mail :&nbsp;<a href=\"mailto:serviceclient@adopt.com\"><a href=\"mailto:serviceclient@adopt.com\">serviceclient@adopt.com<\/a><\/a><br>&nbsp;Dyrektor wydawniczy: Fr\u00e9d\u00e9ric Stoeckel<br>&nbsp;Indywidualny numer VAT: FR 37351837406<br>&nbsp;SIRET : 351 837 406 00 856<\/p>\n<p><\/p>\n<h3>Strona stworzona przez <a href=\"https:\/\/www.journey.agency\/\">Journey<\/a><\/h3>\n<p>23-25 Rue Jean-Jacques Rousseau 75001 Pary\u017c<br>Kontakt: Benoit CHOPIN<\/p>\n<h3>Strona hostowana przez DIS<\/h3>\n<p>Group DIS &#8211; 14 Rue Ambroise Croizat Paris 93200 &#8211; Saint-Denis Tel: (+33) 3 20 09 11 68<\/p>\n<p><\/p>\n<h3>Dost\u0119p do witryny<\/h3>\n<p>Witryna zapewnia dost\u0119p do :<\/p>\n<ul>\n<li>Informacje potrzebne do zostania licencjobiorc\u0105 Adopt Parfums<\/li>\n<li>Formularz kontaktowy<br>Dost\u0119p do Witryny jest zastrze\u017cony dla os\u00f3b pe\u0142noletnich. Sp\u00f3\u0142ka zastrzega sobie prawo do<br>poprosi\u0107 o potwierdzenie wieku.<\/li>\n<\/ul>\n<p>Dost\u0119p do Witryny i korzystanie z niej s\u0105 przeznaczone wy\u0142\u0105cznie do u\u017cytku osobistego.<br>U\u017cytkownik zobowi\u0105zuje si\u0119 nie korzysta\u0107 z niniejszej Witryny ani zawartych w niej informacji lub danych<br>w celach komercyjnych, politycznych, reklamowych lub w jakiejkolwiek innej formie reklamy.<br>komercyjne zaproszenie do sk\u0142adania ofert.<\/p>\n<p><\/p>\n<h3>W\u0142asno\u015b\u0107 intelektualna<\/h3>\n<p>Zgodnie z przepisami reguluj\u0105cymi prawa w\u0142asno\u015bci intelektualnej, niniejsza Witryna i jej zawarto\u015b\u0107 s\u0105 chronione prawem autorskim.<br>wszystkie elementy, z kt\u00f3rych si\u0119 sk\u0142ada (znaki towarowe, projekty, modele, logo, zdj\u0119cia itp.),<br>itp.), jak r\u00f3wnie\u017c ich kompilacja s\u0105 wy\u0142\u0105czn\u0105 w\u0142asno\u015bci\u0105 Adopt Parfums SAS.<br>Ten ostatni nie udziela \u017cadnej licencji ani \u017cadnego prawa innego ni\u017c prawo do przegl\u0105dania Strony.<br>Korzystanie z ca\u0142o\u015bci lub cz\u0119\u015bci tych element\u00f3w jest dozwolone wy\u0142\u0105cznie w nast\u0119puj\u0105cych celach<br>informacje do u\u017cytku osobistego i prywatnego. Jakiekolwiek u\u017cycie kopii<br>wykonane w innych celach, jak r\u00f3wnie\u017c wszelkie powielanie, przedstawianie lub adaptacja,<br>T\u0142umaczenie lub komercjalizacja ca\u0142o\u015bci lub cz\u0119\u015bci tych element\u00f3w s\u0105 surowo zabronione.<br>zabronione.<br>Nieprzestrzeganie tego zakazu stanowi naruszenie i nara\u017ca naruszaj\u0105cego lub naruszaj\u0105cych na ryzyko \u015bcigania.<br>post\u0119powanie cywilne i\/lub karne.<\/p>\n<p><\/p>\n<h3>Odpowiedzialno\u015b\u0107 i odszkodowanie<\/h3>\n<p>Dok\u0142adamy wszelkich stara\u0144, aby informacje te by\u0142y dok\u0142adne i aktualne.<br>informacje publikowane w Witrynie, kt\u00f3re zastrzegamy sobie prawo do poprawiania w dowolnym momencie.<br>w dowolnym czasie i bez wcze\u015bniejszego powiadomienia. Nie mo\u017cemy jednak zagwarantowa\u0107<br>dok\u0142adno\u015bci, precyzji lub kompletno\u015bci informacji udost\u0119pnianych na stronie internetowej.<\/p>\n<p>Strona internetowa. W zwi\u0105zku z tym Adopt Parfums SAS nie ponosi odpowiedzialno\u015bci za<br>dla :<\/p>\n<ul>\n<li>wszelkie niedok\u0142adno\u015bci, b\u0142\u0119dy lub pomini\u0119cia zwi\u0105zane z dost\u0119pnymi informacjami<br>na Stronie;<\/li>\n<li>wszelkie szkody wynikaj\u0105ce z oszuka\u0144czego w\u0142amania przez osob\u0119 trzeci\u0105 prowadz\u0105cego do<br>zmiany informacji udost\u0119pnianych w Witrynie;<\/li>\n<li>i bardziej og\u00f3lnie za wszelkie szkody, bezpo\u015brednie lub po\u015brednie, niezale\u017cnie od przyczyny.<br>przyczyn, pocz\u0105tk\u00f3w, natury lub konsekwencji, ze wzgl\u0119du na niemo\u017cno\u015b\u0107<br>dost\u0119pu, nieprawid\u0142owego dzia\u0142ania lub przerw w dzia\u0142aniu Witryny.<\/li>\n<\/ul>\n<p>Ponadto \u0142\u0105cza hipertekstowe mog\u0105 prowadzi\u0107 do innych stron internetowych, Adoptuj<br>Parfums SAS nie ponosi odpowiedzialno\u015bci za zawarto\u015b\u0107 tych witryn ani za zawarto\u015b\u0107 innych witryn.<br>informacje, elementy, produkty lub us\u0142ugi, kt\u00f3re s\u0105 dost\u0119pne w szczeg\u00f3lno\u015bci w<br>je\u015bli zawarto\u015b\u0107 tych stron narusza przepisy prawne lub regulacyjne.<br>w mocy.<\/p>\n<p>Ponadto okre\u015bla si\u0119, \u017ce U\u017cytkownik nie jest upowa\u017cniony do u\u017cywania lub wstawiania link\u00f3w<br>\u0142\u0105cza hipertekstowe do Witryny.<\/p>\n<p><\/p>\n<h3>Modyfikacje Strony i GCU<\/h3>\n<p>Adopt Parfums SAS zastrzega sobie prawo do wprowadzania ulepsze\u0144 lub zmian w tre\u015bci tej witryny w dowolnym momencie.<br>informacje i inne elementy udost\u0119pniane U\u017cytkownikowi w Serwisie.<br>Ponadto Adopt Parfums SAS mo\u017ce w dowolnym momencie zmodyfikowa\u0107 niniejsze OWU. The<br>obowi\u0105zuj\u0105cymi og\u00f3lnymi warunkami u\u017cytkowania s\u0105 te, kt\u00f3re obowi\u0105zuj\u0105 w dniu<br>korzystania z Witryny przez U\u017cytkownika.<br>Kontynuuj\u0105c przegl\u0105danie i korzystanie z Witryny, uznaje si\u0119, \u017ce U\u017cytkownik zaakceptowa\u0142 warunki u\u017cytkowania.<br>Regulamin z p\u00f3\u017aniejszymi zmianami.<\/p>\n<p><\/p>\n<h3>Prawo w\u0142a\u015bciwe<\/h3>\n<p>Korzystanie z Witryny i niniejszych OWU podlega prawu francuskiemu.<\/p>\n<h3>Skontaktuj si\u0119 z nami<\/h3>\n<p>W razie jakichkolwiek pyta\u0144 mo\u017cna wys\u0142a\u0107 wiadomo\u015b\u0107 e-mail na nast\u0119puj\u0105cy adres<br>: <a href=\"mailto:serviceclient@adopt.com\">serviceclient@adopt.com<\/a><\/p>\t\t\t\t\t\t\t\t<\/div>\n\t\t\t\t<\/div>\n\t\t\t\t\t<\/div>\n\t\t\t\t<\/div>\n\t\t\t\t<\/div>\n\t\t","protected":false},"excerpt":{"rendered":"<p>OG\u00d3LNE WARUNKI U\u017bYTKOWANIA Dalsze przegl\u0105danie tej witryny oznacza bezwarunkow\u0105 akceptacj\u0119 nast\u0119puj\u0105cych postanowie\u0144oraz poni\u017csze warunki u\u017cytkowania. Informacje prawne :&nbsp; &nbsp;&nbsp;Strona internetowa franchise.adopt.com (&#8222;strona internetowa&#8221;) jest tworzona i publikowana przez Adopt Parfums SAS,uproszczona sp\u00f3\u0142ka akcyjna z kapita\u0142em w wysoko\u015bci 26583649 euro, zarejestrowana w Registredu Commerce et des Soci\u00e9t\u00e9s de Bordeaux pod numerem B 351 837 406.Siedziba sp\u00f3\u0142ki [&hellip;]<\/p>\n","protected":false},"author":1,"featured_media":0,"parent":0,"menu_order":0,"comment_status":"closed","ping_status":"closed","template":"","meta":{"_jet_sm_ready_style":"","_jet_sm_style":"","_jet_sm_controls_values":"","_jet_sm_fonts_collection":"","_jet_sm_fonts_links":"","footnotes":""},"class_list":["post-2878","page","type-page","status-publish","hentry"],"_links":{"self":[{"href":"https:\/\/franchise.adopt.com\/pl\/wp-json\/wp\/v2\/pages\/2878","targetHints":{"allow":["GET"]}}],"collection":[{"href":"https:\/\/franchise.adopt.com\/pl\/wp-json\/wp\/v2\/pages"}],"about":[{"href":"https:\/\/franchise.adopt.com\/pl\/wp-json\/wp\/v2\/types\/page"}],"author":[{"embeddable":true,"href":"https:\/\/franchise.adopt.com\/pl\/wp-json\/wp\/v2\/users\/1"}],"replies":[{"embeddable":true,"href":"https:\/\/franchise.adopt.com\/pl\/wp-json\/wp\/v2\/comments?post=2878"}],"version-history":[{"count":3,"href":"https:\/\/franchise.adopt.com\/pl\/wp-json\/wp\/v2\/pages\/2878\/revisions"}],"predecessor-version":[{"id":2881,"href":"https:\/\/franchise.adopt.com\/pl\/wp-json\/wp\/v2\/pages\/2878\/revisions\/2881"}],"wp:attachment":[{"href":"https:\/\/franchise.adopt.com\/pl\/wp-json\/wp\/v2\/media?parent=2878"}],"curies":[{"name":"wp","href":"https:\/\/api.w.org\/{rel}","templated":true}]}}