{"id":2886,"date":"2023-06-07T20:08:26","date_gmt":"2023-06-07T18:08:26","guid":{"rendered":"https:\/\/franchise.adopt.com\/prywatnosc-i-pliki-cookie\/"},"modified":"2024-06-25T16:18:17","modified_gmt":"2024-06-25T14:18:17","slug":"prywatnosc-i-pliki-cookie","status":"publish","type":"page","link":"https:\/\/franchise.adopt.com\/pl\/prywatnosc-i-pliki-cookie\/","title":{"rendered":"Prywatno\u015b\u0107 i pliki cookie"},"content":{"rendered":"\t\t<div data-elementor-type=\"wp-page\" data-elementor-id=\"2886\" class=\"elementor elementor-2886 elementor-930\" data-elementor-post-type=\"page\">\n\t\t\t\t<div class=\"elementor-element elementor-element-cc9da66 e-flex e-con-boxed e-con e-parent\" data-id=\"cc9da66\" data-element_type=\"container\" data-settings=\"{&quot;jet_parallax_layout_list&quot;:[]}\">\n\t\t\t\t\t<div class=\"e-con-inner\">\n\t\t\t\t<div class=\"elementor-element elementor-element-f28771b elementor-widget elementor-widget-text-editor\" data-id=\"f28771b\" data-element_type=\"widget\" data-widget_type=\"text-editor.default\">\n\t\t\t\t<div class=\"elementor-widget-container\">\n\t\t\t\t\t\t\t\t\t<h2>PRYWATNO\u015a\u0106 I PLIKI COOKIE<\/h2>\n<h6><strong>Witamy na naszej stronie internetowej franchise.adopt.com (zwanej dalej &#8222;Stron\u0105&#8221;) opublikowanej przez Adopt Parfums SAS. Ta sekcja po\u015bwi\u0119cona jest naszej polityce ochrony prywatno\u015bci.<\/strong><\/h6>\n<p><b>JAKIE DANE OSOBOWE GROMADZIMY?<\/b><\/p>\n<p><span style=\"font-weight: 400;\">Kiedy wype\u0142niasz formularz kontaktowy, zbieramy i przetwarzamy Twoje nazwisko, imi\u0119, numer telefonu, adres e-mail i informacje o Twoich projektach inwestycyjnych.<\/span><\/p>\n<p><b>KIEDY GROMADZIMY DANE OSOBOWE U\u017bYTKOWNIK\u00d3W?<\/b><\/p>\n<p><span style=\"font-weight: 400;\">Gromadzimy informacje, kt\u00f3re u\u017cytkownik dobrowolnie nam przekazuje, w szczeg\u00f3lno\u015bci gdy :<\/span><\/p>\n<p><span style=\"font-weight: 400;\">&#8211; U\u017cytkownik prosi o informacje na naszej stronie internetowej<\/span><span style=\"font-weight: 400;\"><br \/>\n  <br \/>\n<\/span><span style=\"font-weight: 400;\">&#8211; Chcesz, aby skontaktowa\u0142 si\u0119 z Tob\u0105 przedstawiciel handlowy<\/span><\/p>\n<p><span style=\"font-weight: 400;\">Podczas wype\u0142niania p\u00f3l wymagane jest podanie pewnych informacji w celu wype\u0142nienia naszych zobowi\u0105za\u0144 wobec u\u017cytkownika, tj. \u015bwiadczenia mu us\u0142ug. Je\u015bli nie otrzymamy tych obowi\u0105zkowych informacji, nie b\u0119dziemy w stanie zapewni\u0107 u\u017cytkownikowi tego, czego oczekuje.<\/span><\/p>\n<p><span style=\"font-weight: 400;\">Niekt\u00f3re informacje, w szczeg\u00f3lno\u015bci informacje techniczne (takie jak adres IP komputera) lub informacje dotycz\u0105ce korzystania z witryny i jej funkcji, s\u0105 zbierane automatycznie w wyniku dzia\u0142a\u0144 u\u017cytkownika na naszej stronie za pomoc\u0105 plik\u00f3w cookie. Przegl\u0105danie Witryny mo\u017ce spowodowa\u0107 zainstalowanie plik\u00f3w cookie na komputerze u\u017cytkownika. Plik cookie to niewielki plik, kt\u00f3ry nie pozwala na identyfikacj\u0119 u\u017cytkownika, ale rejestruje informacje zwi\u0105zane z przegl\u0105daniem witryny przez komputer. Dane uzyskane w ten spos\u00f3b maj\u0105 na celu u\u0142atwienie p\u00f3\u017aniejszego przegl\u0105dania witryny i s\u0105 r\u00f3wnie\u017c wykorzystywane do pomiaru liczby odwiedzaj\u0105cych.<\/span><\/p>\n<p><span style=\"font-weight: 400;\">Je\u015bli u\u017cytkownik odm\u00f3wi instalacji pliku cookie, mo\u017ce nie mie\u0107 dost\u0119pu do niekt\u00f3rych us\u0142ug. U\u017cytkownicy mog\u0105 jednak skonfigurowa\u0107 sw\u00f3j komputer w nast\u0119puj\u0105cy spos\u00f3b, aby odm\u00f3wi\u0107 instalacji plik\u00f3w cookie.<\/span><\/p>\n<p><span style=\"font-weight: 400;\">Witryna mo\u017ce dostosowa\u0107 niekt\u00f3re z tych tre\u015bci do domniemanej lokalizacji geograficznej odwiedzaj\u0105cego. Informacje geolokalizacyjne s\u0105 dostarczane przez strony trzecie w zale\u017cno\u015bci od lokalizacji, z kt\u00f3rej u\u017cytkownik \u0142\u0105czy si\u0119 z witryn\u0105. W \u017cadnym wypadku nie jest on przechowywany ani u\u017cywany.<\/span><\/p>\n<p><b>W JAKI SPOS\u00d3B B\u0118DZIEMY WYKORZYSTYWA\u0106 DANE OSOBOWE?<\/b><\/p>\n<p><span style=\"font-weight: 400;\">B\u0119dziemy wykorzystywa\u0107 dane osobowe u\u017cytkownika do jednego lub wi\u0119kszej liczby nast\u0119puj\u0105cych cel\u00f3w:<\/span><\/p>\n<p><span style=\"font-weight: 400;\">&#8211; Aby poprawi\u0107 komfort korzystania z naszej Witryny i czerpa\u0107 korzy\u015bci z jej funkcji i us\u0142ug<\/span><span style=\"font-weight: 400;\"><br \/>\n  <br \/>\n<\/span><span style=\"font-weight: 400;\">funkcje i us\u0142ugi Witryny;<\/span><span style=\"font-weight: 400;\"><br \/>\n  <br \/>\n<\/span><span style=\"font-weight: 400;\">&#8211; W celu tworzenia statystyk handlowych;<\/span><span style=\"font-weight: 400;\"><br \/>\n  <br \/>\n<\/span><span style=\"font-weight: 400;\">&#8211; analizowanie i tworzenie statystyk dotycz\u0105cych korzystania z Witryny.<\/span><\/p>\n<p><span style=\"font-weight: 400;\">&#8211; Wymiana plik\u00f3w klient\u00f3w i potencjalnych klient\u00f3w z naszymi partnerami;<\/span><span style=\"font-weight: 400;\"><br \/>\n  <br \/>\n<\/span><span style=\"font-weight: 400;\">&#8211; Wysy\u0142anie spersonalizowanych informacji o naszych ofertach i us\u0142ugach;<\/span><span style=\"font-weight: 400;\"><br \/>\n  <br \/>\n<\/span><span style=\"font-weight: 400;\">&#8211; Aby zarz\u0105dza\u0107 wnioskami o prawo dost\u0119pu, sprostowania i sprzeciwu;<\/span><span style=\"font-weight: 400;\"><br \/>\n  <br \/>\n<\/span><span style=\"font-weight: 400;\">&#8211; Aby spe\u0142ni\u0107 nasze zobowi\u0105zania prawne i regulacyjne.<\/span><\/p>\n<p><b>KTO OTRZYMA DANE OSOBOWE U\u017bYTKOWNIKA?<\/b><\/p>\n<p><span style=\"font-weight: 400;\">Firma, o kt\u00f3rej mowa, to Adopt Parfums SAS, w\u0142a\u015bciciel strony internetowej. Obejmuje to r\u00f3wnie\u017c us\u0142ugodawc\u00f3w, z kt\u00f3rymi Adopt Parfums SAS wsp\u00f3\u0142pracuje w zakresie zarz\u0105dzania obs\u0142ug\u0105 klienta, subskrypcji oraz w celach wcze\u015bniej wymienionych, i tylko w zakresie niezb\u0119dnym do wykonania powierzonych im zada\u0144.<\/span><\/p>\n<p><span style=\"font-weight: 400;\">Prosimy dostawc\u00f3w us\u0142ug, aby zawsze dzia\u0142ali zgodnie z obowi\u0105zuj\u0105cymi przepisami dotycz\u0105cymi ochrony danych osobowych i zwracali szczeg\u00f3ln\u0105 uwag\u0119 na poufno\u015b\u0107 i bezpiecze\u0144stwo takich danych.<\/span><\/p>\n<p><span style=\"font-weight: 400;\">Dane osobowe u\u017cytkownika mog\u0105 by\u0107 przekazywane w celu zastosowania przepis\u00f3w prawa, regulacji, decyzji organu regulacyjnego lub s\u0105dowego, a tak\u017ce, je\u015bli jest to konieczne dla Adopt Parfums SAS, w celu zachowania jej praw i interes\u00f3w.<\/span><\/p>\n<p><b>GDZIE PRZECHOWYWANE S\u0104 DANE OSOBOWE?<\/b><\/p>\n<p><span style=\"font-weight: 400;\">Dane osobowe u\u017cytkownika s\u0105 przechowywane w bazach danych nale\u017c\u0105cych do Adopt Parfums SAS.<\/span><\/p>\n<p><b>CZY DANE OSOBOWE U\u017bYTKOWNIKA B\u0118D\u0104 PRZEKAZYWANE POZA UNI\u0118 EUROPEJSK\u0104?<\/b><\/p>\n<p><span style=\"font-weight: 400;\">Nie. Dane osobowe u\u017cytkownika nie b\u0119d\u0105 przekazywane poza Uni\u0119 Europejsk\u0105.<\/span><\/p>\n<p><b>JAKIE PRAWA PRZYS\u0141UGUJ\u0104 U\u017bYTKOWNIKOWI W ODNIESIENIU DO JEGO DANYCH OSOBOWYCH?<\/b><\/p>\n<p><span style=\"font-weight: 400;\">U\u017cytkownik ma prawo dost\u0119pu do swoich danych osobowych, ich sprostowania i usuni\u0119cia, a tak\u017ce prawo do ograniczenia ich przetwarzania i przenoszenia. U\u017cytkownik ma r\u00f3wnie\u017c prawo do wniesienia sprzeciwu z uzasadnionych przyczyn wobec przetwarzania jego danych osobowych oraz prawo do wniesienia sprzeciwu wobec przetwarzania jego danych w celach akwizycyjnych.<\/span><\/p>\n<p><span style=\"font-weight: 400;\">Wreszcie, u\u017cytkownik ma prawo z\u0142o\u017cy\u0107 skarg\u0119 do CNIL.<\/span><span style=\"font-weight: 400;\"><br \/><\/span><span style=\"font-weight: 400;\">U\u017cytkownik mo\u017ce skorzysta\u0107 z tych praw w dowolnym momencie, kontaktuj\u0105c si\u0119 z naszym dzia\u0142em obs\u0142ugi klienta za po\u015brednictwem poczty elektronicznej: serviceclient@adopt.com, podaj\u0105c numer referencyjny klienta.<\/span><\/p>\n<p><span style=\"font-weight: 400;\">Odpowied\u017a zostanie wys\u0142ana w ci\u0105gu jednego do trzech miesi\u0119cy od otrzymania wniosku.<\/span><\/p>\n<p><b>JAK D\u0141UGO B\u0118D\u0104 PRZECHOWYWANE DANE OSOBOWE?<\/b><\/p>\n<p><span style=\"font-weight: 400;\">Dane osobowe u\u017cytkownika s\u0105 przechowywane nie d\u0142u\u017cej ni\u017c jest to konieczne do cel\u00f3w, dla kt\u00f3rych zosta\u0142y zgromadzone. Dane u\u017cytkownika b\u0119d\u0105 zatem przechowywane przez czas trwania naszego stosunku umownego i archiwizowane przez okres czterech (4) lat po zako\u0144czeniu wspomnianego stosunku umownego, w przypadku gdy jest to w interesie administracyjnym, w szczeg\u00f3lno\u015bci w celu udowodnienia prawa lub umowy.<\/span><\/p>\n<p><b>POLITYKA COOKIES<\/b><\/p>\n<p><span style=\"font-weight: 400;\">W tej sekcji u\u017cytkownik mo\u017ce dowiedzie\u0107 si\u0119 wi\u0119cej o pochodzeniu i wykorzystaniu informacji o przegl\u0105daniu przetwarzanych podczas odwiedzania naszej Witryny oraz o przys\u0142uguj\u0105cych mu prawach.<\/span><span style=\"font-weight: 400;\"><br \/><\/span><span style=\"font-weight: 400;\">Gdy u\u017cytkownik odwiedza nasz\u0105 Witryn\u0119, informacje dotycz\u0105ce przegl\u0105dania Witryny przez urz\u0105dzenie ko\u0144cowe u\u017cytkownika (komputer, tablet, smartfon itp.) mog\u0105 by\u0107 zapisywane w plikach &#8222;cookie&#8221; instalowanych na urz\u0105dzeniu ko\u0144cowym u\u017cytkownika, w zale\u017cno\u015bci od dokonanych przez niego wybor\u00f3w, kt\u00f3re u\u017cytkownik mo\u017ce zmieni\u0107 w dowolnym momencie. Pliki cookie to pliki komputerowe przechowywane na dysku twardym komputera u\u017cytkownika, umo\u017cliwiaj\u0105ce nam rozpoznanie przegl\u0105darki terminala u\u017cytkownika.<\/span><span style=\"font-weight: 400;\"><br \/><\/span><span style=\"font-weight: 400;\">Pliki cookie, kt\u00f3re publikujemy w naszej Witrynie, s\u0142u\u017c\u0105 wy\u0142\u0105cznie do tworzenia statystyk i ilo\u015bci odwiedzin oraz korzystania z r\u00f3\u017cnych element\u00f3w sk\u0142adaj\u0105cych si\u0119 na nasz\u0105 witryn\u0119 internetow\u0105, umo\u017cliwiaj\u0105c nam popraw\u0119 zainteresowania i ergonomii naszych us\u0142ug. Pliki cookie s\u0105 zatem wykorzystywane przez nasz\u0105 Witryn\u0119 wy\u0142\u0105cznie w celu poprawy \u015bwiadczonych us\u0142ug.<\/span><span style=\"font-weight: 400;\"><br \/><\/span><span style=\"font-weight: 400;\">U\u017cytkownik mo\u017ce odrzuci\u0107 pliki cookie, konfiguruj\u0105c swoj\u0105 przegl\u0105dark\u0119 internetow\u0105.<\/span><\/p>\n<p><span style=\"font-weight: 400;\">WYBORY U\u017bYTKOWNIKA DOTYCZ\u0104CE PLIK\u00d3W COOKIE<\/span><\/p>\n<p><span style=\"font-weight: 400;\">Istnieje kilka opcji zarz\u0105dzania plikami cookie. Wszelkie dokonane ustawienia mog\u0105 mie\u0107 wp\u0142yw na przegl\u0105danie stron internetowych oraz warunki dost\u0119pu do niekt\u00f3rych us\u0142ug wymagaj\u0105cych plik\u00f3w cookies.<\/span><span style=\"font-weight: 400;\"><br \/><\/span><span style=\"font-weight: 400;\">U\u017cytkownik mo\u017ce w dowolnym momencie wyrazi\u0107 i zmodyfikowa\u0107 swoje \u017cyczenia dotycz\u0105ce plik\u00f3w cookie w spos\u00f3b opisany poni\u017cej.<\/span><\/p>\n<p><span style=\"font-weight: 400;\">Opcje oferowane przez oprogramowanie przegl\u0105darki<\/span><\/p>\n<p><span style=\"font-weight: 400;\">U\u017cytkownik mo\u017ce skonfigurowa\u0107 oprogramowanie przegl\u0105darki tak, aby pliki cookie by\u0142y przechowywane na jego urz\u0105dzeniu ko\u0144cowym lub odwrotnie, aby by\u0142y one odrzucane, systematycznie lub w zale\u017cno\u015bci od nadawcy. U\u017cytkownik mo\u017ce r\u00f3wnie\u017c skonfigurowa\u0107 swoj\u0105 przegl\u0105dark\u0119 w taki spos\u00f3b, aby od czasu do czasu by\u0142 proszony o zaakceptowanie lub odrzucenie plik\u00f3w cookie, zanim plik cookie zostanie zapisany na jego terminalu. Aby uzyska\u0107 wi\u0119cej informacji, zobacz &#8222;Jak dokona\u0107 wyboru w zale\u017cno\u015bci od u\u017cywanej przegl\u0105darki&#8221; poni\u017cej.<\/span><\/p>\n<p><b>(a) Umowa dotycz\u0105ca plik\u00f3w cookie<\/b><\/p>\n<p><span style=\"font-weight: 400;\">Zapisywanie pliku cookie w terminalu zasadniczo zale\u017cy od woli u\u017cytkownika terminala, kt\u00f3r\u0105 mo\u017ce on wyrazi\u0107 i zmodyfikowa\u0107 w dowolnym momencie i bezp\u0142atnie za pomoc\u0105 opcji oferowanych mu przez oprogramowanie przegl\u0105darki.<\/span><span style=\"font-weight: 400;\"><br \/><\/span><span style=\"font-weight: 400;\">Je\u015bli oprogramowanie przegl\u0105darki zezwala na przechowywanie plik\u00f3w cookie na terminalu, pliki cookie osadzone na stronach i tre\u015bciach, z kt\u00f3rymi u\u017cytkownik si\u0119 zapozna\u0142, mog\u0105 by\u0107 tymczasowo przechowywane w dedykowanym miejscu na terminalu. B\u0119d\u0105 one czytelne tylko dla nadawcy.<\/span><\/p>\n<p><b>(b) Odrzucenie plik\u00f3w cookie<\/b><\/p>\n<p><span style=\"font-weight: 400;\">Je\u015bli u\u017cytkownik odm\u00f3wi akceptacji plik\u00f3w cookie na swoim urz\u0105dzeniu ko\u0144cowym lub je\u015bli usunie pliki cookie zapisane na swoim urz\u0105dzeniu ko\u0144cowym, nie b\u0119dzie ju\u017c m\u00f3g\u0142 korzysta\u0107 z niekt\u00f3rych funkcji, kt\u00f3re s\u0105 jednak niezb\u0119dne do przegl\u0105dania niekt\u00f3rych obszar\u00f3w naszej Witryny. Mo\u017ce to mie\u0107 miejsce w przypadku pr\u00f3by uzyskania dost\u0119pu do naszych tre\u015bci lub us\u0142ug, kt\u00f3re wymagaj\u0105 identyfikacji u\u017cytkownika. By\u0142oby tak r\u00f3wnie\u017c w przypadku, gdyby\u015bmy my &#8211; lub nasi us\u0142ugodawcy &#8211; nie byli w stanie rozpozna\u0107, ze wzgl\u0119du na kompatybilno\u015b\u0107 techniczn\u0105, typu przegl\u0105darki u\u017cywanej przez terminal u\u017cytkownika, jego j\u0119zyka i ustawie\u0144 wy\u015bwietlania lub kraju, z kt\u00f3rego terminal u\u017cytkownika wydaje si\u0119 by\u0107 po\u0142\u0105czony z Internetem.<\/span><span style=\"font-weight: 400;\"><br \/><\/span><span style=\"font-weight: 400;\">Adopt Parfums SAS zrzeka si\u0119 wszelkiej odpowiedzialno\u015bci za konsekwencje pogorszenia funkcjonowania naszych us\u0142ug wynikaj\u0105ce z niemo\u017cno\u015bci zarejestrowania lub sprawdzenia przez Adopt Parfums SAS plik\u00f3w cookie niezb\u0119dnych do ich funkcjonowania, kt\u00f3rych u\u017cytkownik odm\u00f3wi\u0142 lub usun\u0105\u0142.<\/span><\/p>\n<p><b>Jak dokona\u0107 wyboru w zale\u017cno\u015bci od u\u017cywanej przegl\u0105darki?<\/b><\/p>\n<p><span style=\"font-weight: 400;\">Aby zarz\u0105dza\u0107 plikami cookie i dokonywa\u0107 wybor\u00f3w, konfiguracja ka\u017cdej przegl\u0105darki jest inna. Opisano to w menu pomocy przegl\u0105darki, kt\u00f3re zawiera informacje o tym, jak zmieni\u0107 preferencje dotycz\u0105ce plik\u00f3w cookie:<\/span><\/p>\n<p><b>Dla przegl\u0105darki Internet Explorer\u2122:<\/b><span style=\"font-weight: 400;\"> <\/span><a href=\"http:\/\/windows.microsoft.com\/fr-FR\/windows-vista\/Block-or-allow-cookies\"><br \/>\n  <span style=\"font-weight: 400;\">http:\/\/windows.microsoft.com\/fr-FR\/windows-vista\/Block-or-allow-cookies<\/span><br \/>\n<\/a><\/p>\n<p><b>Dla Safari\u2122:<\/b><span style=\"font-weight: 400;\"> <\/span><a href=\"http:\/\/docs.info.apple.com\/article.html?path=Safari\/3.0\/fr\/9277.html\"><br \/>\n  <span style=\"font-weight: 400;\">http:\/\/docs.info.apple.com\/article.html?path=Safari\/3.0\/fr\/9277.html<\/span><br \/>\n<\/a><\/p>\n<p><b>Dla Chrome\u2122:<\/b><span style=\"font-weight: 400;\"> <\/span><a href=\"http:\/\/support.google.com\/chrome\/bin\/answer.py?hl=fr&amp;hlrm=en&amp;answer=95647\"><br \/>\n  <span style=\"font-weight: 400;\">http:\/\/support.google.com\/chrome\/bin\/answer.py?hl=fr&amp;hlrm=en&amp;answer=95647<\/span><br \/>\n<\/a><\/p>\n<p><b>Dla Firefox\u2122:<\/b><span style=\"font-weight: 400;\"> <\/span><a href=\"http:\/\/support.mozilla.org\/fr\/kb\/Activer%20et%20d%C3%A9sactiver%20les%20cookies\"><br \/>\n  <span style=\"font-weight: 400;\">http:\/\/support.mozilla.org\/fr\/kb\/Activer20et20dC3A9sactiver20les20cookies<\/span><br \/>\n<\/a><\/p>\n<p><b>Dla Opera\u2122:<\/b><span style=\"font-weight: 400;\"> <\/span><a href=\"http:\/\/help.opera.com\/Windows\/10.20\/fr\/cookies.html\"><br \/>\n  <span style=\"font-weight: 400;\">http:\/\/help.opera.com\/Windows\/10.20\/fr\/cookies.html<\/span><br \/>\n<\/a><\/p>\n<p><span style=\"font-weight: 400;\">Wi\u0119cej informacji na temat plik\u00f3w cookie mo\u017cna znale\u017a\u0107 na stronie CNIL <\/span><span style=\"font-weight: 400;\">: <\/span><a href=\"http:\/\/www.cnil.fr\/vos-droits\/vos-traces\/les-cookies\/\"><br \/>\n  <span style=\"font-weight: 400;\">http:\/\/www.cnil.fr\/vos-droits\/vos-traces\/les-cookies\/<\/span><br \/>\n<\/a><\/p>\n\t\t\t\t\t\t\t\t<\/div>\n\t\t\t\t<\/div>\n\t\t\t\t\t<\/div>\n\t\t\t\t<\/div>\n\t\t\t\t<\/div>\n\t\t","protected":false},"excerpt":{"rendered":"<p>PRYWATNO\u015a\u0106 I PLIKI COOKIE Witamy na naszej stronie internetowej franchise.adopt.com (zwanej dalej &#8222;Stron\u0105&#8221;) opublikowanej przez Adopt Parfums SAS. Ta sekcja po\u015bwi\u0119cona jest naszej polityce ochrony prywatno\u015bci. JAKIE DANE OSOBOWE GROMADZIMY? Kiedy wype\u0142niasz formularz kontaktowy, zbieramy i przetwarzamy Twoje nazwisko, imi\u0119, numer telefonu, adres e-mail i informacje o Twoich projektach inwestycyjnych. KIEDY GROMADZIMY DANE OSOBOWE U\u017bYTKOWNIK\u00d3W? [&hellip;]<\/p>\n","protected":false},"author":1,"featured_media":0,"parent":0,"menu_order":0,"comment_status":"closed","ping_status":"closed","template":"","meta":{"_jet_sm_ready_style":"","_jet_sm_style":"","_jet_sm_controls_values":"","_jet_sm_fonts_collection":"","_jet_sm_fonts_links":"","footnotes":""},"class_list":["post-2886","page","type-page","status-publish","hentry"],"_links":{"self":[{"href":"https:\/\/franchise.adopt.com\/pl\/wp-json\/wp\/v2\/pages\/2886","targetHints":{"allow":["GET"]}}],"collection":[{"href":"https:\/\/franchise.adopt.com\/pl\/wp-json\/wp\/v2\/pages"}],"about":[{"href":"https:\/\/franchise.adopt.com\/pl\/wp-json\/wp\/v2\/types\/page"}],"author":[{"embeddable":true,"href":"https:\/\/franchise.adopt.com\/pl\/wp-json\/wp\/v2\/users\/1"}],"replies":[{"embeddable":true,"href":"https:\/\/franchise.adopt.com\/pl\/wp-json\/wp\/v2\/comments?post=2886"}],"version-history":[{"count":3,"href":"https:\/\/franchise.adopt.com\/pl\/wp-json\/wp\/v2\/pages\/2886\/revisions"}],"predecessor-version":[{"id":2889,"href":"https:\/\/franchise.adopt.com\/pl\/wp-json\/wp\/v2\/pages\/2886\/revisions\/2889"}],"wp:attachment":[{"href":"https:\/\/franchise.adopt.com\/pl\/wp-json\/wp\/v2\/media?parent=2886"}],"curies":[{"name":"wp","href":"https:\/\/api.w.org\/{rel}","templated":true}]}}